{"id":2495,"date":"2021-09-13T10:23:12","date_gmt":"2021-09-13T10:23:12","guid":{"rendered":"https:\/\/eu.ezinvest.com\/regulation\/legal-information\/"},"modified":"2021-11-24T14:55:27","modified_gmt":"2021-11-24T14:55:27","slug":"legal-information","status":"publish","type":"page","link":"https:\/\/eu.ezinvest.com\/de\/regulation\/legal-information\/","title":{"rendered":"Rechtliche Informationen"},"content":{"rendered":"\t\t<div data-elementor-type=\"wp-page\" data-elementor-id=\"2495\" class=\"elementor elementor-2495 elementor-980\">\n\t\t\t\t\t\t\t\t\t<section class=\"ob-is-breaking-bad elementor-section elementor-top-section elementor-element elementor-element-43a016d3 elementor-section-content-middle elementor-section-boxed elementor-section-height-default elementor-section-height-default\" data-id=\"43a016d3\" data-element_type=\"section\" data-settings=\"{&quot;background_background&quot;:&quot;classic&quot;,&quot;_ob_bbad_use_it&quot;:&quot;yes&quot;,&quot;_ob_bbad_sssic_use&quot;:&quot;no&quot;,&quot;_ob_glider_is_slider&quot;:&quot;no&quot;}\">\n\t\t\t\t\t\t<div class=\"elementor-container elementor-column-gap-default\">\n\t\t\t\t\t<div class=\"elementor-column elementor-col-66 elementor-top-column elementor-element elementor-element-25a89862\" data-id=\"25a89862\" data-element_type=\"column\" data-settings=\"{&quot;_ob_bbad_is_stalker&quot;:&quot;no&quot;,&quot;_ob_teleporter_use&quot;:false,&quot;_ob_column_hoveranimator&quot;:&quot;no&quot;,&quot;_ob_column_has_pseudo&quot;:&quot;no&quot;}\">\n\t\t\t<div class=\"elementor-widget-wrap elementor-element-populated\">\n\t\t\t\t\t\t\t\t<div class=\"elementor-element elementor-element-192999c4 ob-harakiri-inherit ob-has-background-overlay elementor-widget elementor-widget-heading\" data-id=\"192999c4\" data-element_type=\"widget\" data-settings=\"{&quot;_ob_use_harakiri&quot;:&quot;yes&quot;,&quot;_ob_harakiri_writing_mode&quot;:&quot;inherit&quot;,&quot;_ob_harakiri_text_clip&quot;:&quot;none&quot;,&quot;_ob_perspektive_use&quot;:&quot;no&quot;,&quot;_ob_poopart_use&quot;:&quot;yes&quot;,&quot;_ob_shadough_use&quot;:&quot;no&quot;,&quot;_ob_allow_hoveranimator&quot;:&quot;no&quot;,&quot;_ob_widget_stalker_use&quot;:&quot;no&quot;}\" data-widget_type=\"heading.default\">\n\t\t\t\t<div class=\"elementor-widget-container\">\n\t\t\t<style>\/*! elementor - v3.12.1 - 02-04-2023 *\/\n.elementor-heading-title{padding:0;margin:0;line-height:1}.elementor-widget-heading .elementor-heading-title[class*=elementor-size-]>a{color:inherit;font-size:inherit;line-height:inherit}.elementor-widget-heading .elementor-heading-title.elementor-size-small{font-size:15px}.elementor-widget-heading .elementor-heading-title.elementor-size-medium{font-size:19px}.elementor-widget-heading .elementor-heading-title.elementor-size-large{font-size:29px}.elementor-widget-heading .elementor-heading-title.elementor-size-xl{font-size:39px}.elementor-widget-heading .elementor-heading-title.elementor-size-xxl{font-size:59px}<\/style><h2 class=\"elementor-heading-title elementor-size-default\">Rechtliche Informationen<\/h2>\t\t<\/div>\n\t\t\t\t<\/div>\n\t\t\t\t\t<\/div>\n\t\t<\/div>\n\t\t\t\t<div class=\"elementor-column elementor-col-33 elementor-top-column elementor-element elementor-element-16d810a1\" data-id=\"16d810a1\" data-element_type=\"column\" data-settings=\"{&quot;_ob_bbad_is_stalker&quot;:&quot;no&quot;,&quot;_ob_teleporter_use&quot;:false,&quot;_ob_column_hoveranimator&quot;:&quot;no&quot;,&quot;_ob_column_has_pseudo&quot;:&quot;no&quot;}\">\n\t\t\t<div class=\"elementor-widget-wrap elementor-element-populated\">\n\t\t\t\t\t\t\t\t<div class=\"elementor-element elementor-element-4fa41641 elementor-align-center ob-has-background-overlay elementor-widget elementor-widget-breadcrumbs\" data-id=\"4fa41641\" data-element_type=\"widget\" data-settings=\"{&quot;_ob_perspektive_use&quot;:&quot;no&quot;,&quot;_ob_poopart_use&quot;:&quot;yes&quot;,&quot;_ob_shadough_use&quot;:&quot;no&quot;,&quot;_ob_allow_hoveranimator&quot;:&quot;no&quot;,&quot;_ob_widget_stalker_use&quot;:&quot;no&quot;}\" data-widget_type=\"breadcrumbs.default\">\n\t\t\t\t<div class=\"elementor-widget-container\">\n\t\t\t<link rel=\"stylesheet\" href=\"https:\/\/eu.ezinvest.com\/wp-content\/plugins\/elementor-pro\/assets\/css\/widget-theme-elements.min.css\"><p id=\"breadcrumbs\"><span><span><a href=\"https:\/\/eu.ezinvest.com\/de\/\">Home<\/a><\/span><\/p>\t\t<\/div>\n\t\t\t\t<\/div>\n\t\t\t\t\t<\/div>\n\t\t<\/div>\n\t\t\t\t\t\t\t<\/div>\n\t\t<\/section>\n\t\t\t\t<section class=\"ob-is-breaking-bad elementor-section elementor-top-section elementor-element elementor-element-69b062f elementor-section-boxed elementor-section-height-default elementor-section-height-default\" data-id=\"69b062f\" data-element_type=\"section\" data-settings=\"{&quot;_ob_bbad_use_it&quot;:&quot;yes&quot;,&quot;_ob_bbad_sssic_use&quot;:&quot;no&quot;,&quot;_ob_glider_is_slider&quot;:&quot;no&quot;}\">\n\t\t\t\t\t\t<div class=\"elementor-container elementor-column-gap-default\">\n\t\t\t\t\t<div class=\"elementor-column elementor-col-100 elementor-top-column elementor-element elementor-element-858b8ee\" data-id=\"858b8ee\" data-element_type=\"column\" data-settings=\"{&quot;_ob_bbad_is_stalker&quot;:&quot;no&quot;,&quot;_ob_teleporter_use&quot;:false,&quot;_ob_column_hoveranimator&quot;:&quot;no&quot;,&quot;_ob_column_has_pseudo&quot;:&quot;no&quot;}\">\n\t\t\t<div class=\"elementor-widget-wrap elementor-element-populated\">\n\t\t\t\t\t\t\t\t<div class=\"elementor-element elementor-element-4911268 ob-harakiri-inherit ob-has-background-overlay elementor-widget elementor-widget-heading\" data-id=\"4911268\" data-element_type=\"widget\" data-settings=\"{&quot;_ob_use_harakiri&quot;:&quot;yes&quot;,&quot;_ob_harakiri_writing_mode&quot;:&quot;inherit&quot;,&quot;_ob_harakiri_text_clip&quot;:&quot;none&quot;,&quot;_ob_perspektive_use&quot;:&quot;no&quot;,&quot;_ob_poopart_use&quot;:&quot;yes&quot;,&quot;_ob_shadough_use&quot;:&quot;no&quot;,&quot;_ob_allow_hoveranimator&quot;:&quot;no&quot;,&quot;_ob_widget_stalker_use&quot;:&quot;no&quot;}\" data-widget_type=\"heading.default\">\n\t\t\t\t<div class=\"elementor-widget-container\">\n\t\t\t<h3 class=\"elementor-heading-title elementor-size-default\">Rechtliche Informationen<\/h3>\t\t<\/div>\n\t\t\t\t<\/div>\n\t\t\t\t<div class=\"elementor-element elementor-element-f0f0505 ob-harakiri-inherit ob-has-background-overlay elementor-widget elementor-widget-text-editor\" data-id=\"f0f0505\" data-element_type=\"widget\" data-settings=\"{&quot;_ob_use_harakiri&quot;:&quot;yes&quot;,&quot;_ob_harakiri_writing_mode&quot;:&quot;inherit&quot;,&quot;_ob_postman_use&quot;:&quot;no&quot;,&quot;_ob_perspektive_use&quot;:&quot;no&quot;,&quot;_ob_poopart_use&quot;:&quot;yes&quot;,&quot;_ob_shadough_use&quot;:&quot;no&quot;,&quot;_ob_allow_hoveranimator&quot;:&quot;no&quot;,&quot;_ob_widget_stalker_use&quot;:&quot;no&quot;}\" data-widget_type=\"text-editor.default\">\n\t\t\t\t<div class=\"elementor-widget-container\">\n\t\t\t<style>\/*! elementor - v3.12.1 - 02-04-2023 *\/\n.elementor-widget-text-editor.elementor-drop-cap-view-stacked .elementor-drop-cap{background-color:#69727d;color:#fff}.elementor-widget-text-editor.elementor-drop-cap-view-framed .elementor-drop-cap{color:#69727d;border:3px solid;background-color:transparent}.elementor-widget-text-editor:not(.elementor-drop-cap-view-default) .elementor-drop-cap{margin-top:8px}.elementor-widget-text-editor:not(.elementor-drop-cap-view-default) .elementor-drop-cap-letter{width:1em;height:1em}.elementor-widget-text-editor .elementor-drop-cap{float:left;text-align:center;line-height:1;font-size:50px}.elementor-widget-text-editor .elementor-drop-cap-letter{display:inline-block}<\/style>\t\t\t\t<p>EzInvest ist in der EU von der Cyprus Securities and Exchange Commission (CySEC) gem\u00e4\u00df der Richtlinie \u00fcber M\u00e4rkte f\u00fcr Finanzinstrumente (MiFID) zugelassen und reguliert.<\/p><p>Wir legen gro\u00dfen Wert auf einen sicheren Handel und sind bestrebt, allen unseren Kunden die bestm\u00f6gliche Erfahrung im Online-Handel zu bieten. Wir laden Sie ein, unsere Abschnitte &#8220; <a href=\"https:\/\/eu.ezinvest.com\/regulation\/\"><strong>Regulierung<\/strong><\/a> &#8220; und &#8220; <strong><a href=\"https:\/\/eu.ezinvest.com\/regulation\/policies\">Richtlinien und Dokumentation<\/a><\/strong> &#8220; zu besuchen, um weitere Informationen \u00fcber unsere Lizenz und unsere Zulassung zu erhalten.<\/p>\t\t\t\t\t\t<\/div>\n\t\t\t\t<\/div>\n\t\t\t\t\t<\/div>\n\t\t<\/div>\n\t\t\t\t\t\t\t<\/div>\n\t\t<\/section>\n\t\t\t\t\t\t\t<\/div>\n\t\t","protected":false},"excerpt":{"rendered":"<p>Rechtliche Informationen Rechtliche Informationen EzInvest ist in der EU von der Cyprus Securities and Exchange Commission (CySEC) gem\u00e4\u00df der Richtlinie \u00fcber M\u00e4rkte f\u00fcr Finanzinstrumente (MiFID) zugelassen und reguliert. Wir legen gro\u00dfen Wert auf einen sicheren Handel und sind bestrebt, allen unseren Kunden die bestm\u00f6gliche Erfahrung im Online-Handel zu bieten. Wir laden Sie ein, unsere Abschnitte [&hellip;]<\/p>\n","protected":false},"author":1,"featured_media":0,"parent":2481,"menu_order":0,"comment_status":"closed","ping_status":"closed","template":"elementor_header_footer","meta":{"footnotes":""},"class_list":["post-2495","page","type-page","status-publish","hentry"],"yoast_head":"<!-- This site is optimized with the Yoast SEO plugin v17.0 - https:\/\/yoast.com\/wordpress\/plugins\/seo\/ -->\n<title>Rechtliche Informationen - EZinvest<\/title>\n<meta name=\"robots\" content=\"index, follow, max-snippet:-1, max-image-preview:large, max-video-preview:-1\" \/>\n<link rel=\"canonical\" href=\"https:\/\/eu.ezinvest.com\/de\/regulation\/legal-information\/\" \/>\n<meta property=\"og:locale\" content=\"de_DE\" \/>\n<meta property=\"og:type\" content=\"article\" \/>\n<meta property=\"og:title\" content=\"Rechtliche Informationen - EZinvest\" \/>\n<meta property=\"og:description\" content=\"Rechtliche Informationen Rechtliche Informationen EzInvest ist in der EU von der Cyprus Securities and Exchange Commission (CySEC) gem\u00e4\u00df der Richtlinie \u00fcber M\u00e4rkte f\u00fcr Finanzinstrumente (MiFID) zugelassen und reguliert. Wir legen gro\u00dfen Wert auf einen sicheren Handel und sind bestrebt, allen unseren Kunden die bestm\u00f6gliche Erfahrung im Online-Handel zu bieten. Wir laden Sie ein, unsere Abschnitte [&hellip;]\" \/>\n<meta property=\"og:url\" content=\"https:\/\/eu.ezinvest.com\/de\/regulation\/legal-information\/\" \/>\n<meta property=\"og:site_name\" content=\"EZinvest\" \/>\n<meta property=\"article:modified_time\" content=\"2021-11-24T14:55:27+00:00\" \/>\n<meta name=\"twitter:card\" content=\"summary_large_image\" \/>\n<meta name=\"twitter:label1\" content=\"Est. reading time\" \/>\n\t<meta name=\"twitter:data1\" content=\"1 Minute\" \/>\n<script type=\"application\/ld+json\" class=\"yoast-schema-graph\">{\"@context\":\"https:\/\/schema.org\",\"@graph\":[{\"@type\":\"WebSite\",\"@id\":\"https:\/\/eu.ezinvest.com\/#website\",\"url\":\"https:\/\/eu.ezinvest.com\/\",\"name\":\"EZinvest\",\"description\":\"\",\"potentialAction\":[{\"@type\":\"SearchAction\",\"target\":{\"@type\":\"EntryPoint\",\"urlTemplate\":\"https:\/\/eu.ezinvest.com\/?s={search_term_string}\"},\"query-input\":\"required name=search_term_string\"}],\"inLanguage\":\"de-DE\"},{\"@type\":\"WebPage\",\"@id\":\"https:\/\/eu.ezinvest.com\/de\/regulation\/legal-information\/#webpage\",\"url\":\"https:\/\/eu.ezinvest.com\/de\/regulation\/legal-information\/\",\"name\":\"Rechtliche Informationen - EZinvest\",\"isPartOf\":{\"@id\":\"https:\/\/eu.ezinvest.com\/#website\"},\"datePublished\":\"2021-09-13T10:23:12+00:00\",\"dateModified\":\"2021-11-24T14:55:27+00:00\",\"breadcrumb\":{\"@id\":\"https:\/\/eu.ezinvest.com\/de\/regulation\/legal-information\/#breadcrumb\"},\"inLanguage\":\"de-DE\",\"potentialAction\":[{\"@type\":\"ReadAction\",\"target\":[\"https:\/\/eu.ezinvest.com\/de\/regulation\/legal-information\/\"]}]},{\"@type\":\"BreadcrumbList\",\"@id\":\"https:\/\/eu.ezinvest.com\/de\/regulation\/legal-information\/#breadcrumb\",\"itemListElement\":[{\"@type\":\"ListItem\",\"position\":1,\"name\":\"Home\",\"item\":\"https:\/\/eu.ezinvest.com\/de\/\"},{\"@type\":\"ListItem\",\"position\":2,\"name\":\"VERORDNUNG\",\"item\":\"https:\/\/eu.ezinvest.com\/de\/regulation\/\"},{\"@type\":\"ListItem\",\"position\":3,\"name\":\"Rechtliche Informationen\"}]}]}<\/script>\n<!-- \/ Yoast SEO plugin. -->","yoast_head_json":{"title":"Rechtliche Informationen - EZinvest","robots":{"index":"index","follow":"follow","max-snippet":"max-snippet:-1","max-image-preview":"max-image-preview:large","max-video-preview":"max-video-preview:-1"},"canonical":"https:\/\/eu.ezinvest.com\/de\/regulation\/legal-information\/","og_locale":"de_DE","og_type":"article","og_title":"Rechtliche Informationen - EZinvest","og_description":"Rechtliche Informationen Rechtliche Informationen EzInvest ist in der EU von der Cyprus Securities and Exchange Commission (CySEC) gem\u00e4\u00df der Richtlinie \u00fcber M\u00e4rkte f\u00fcr Finanzinstrumente (MiFID) zugelassen und reguliert. Wir legen gro\u00dfen Wert auf einen sicheren Handel und sind bestrebt, allen unseren Kunden die bestm\u00f6gliche Erfahrung im Online-Handel zu bieten. Wir laden Sie ein, unsere Abschnitte [&hellip;]","og_url":"https:\/\/eu.ezinvest.com\/de\/regulation\/legal-information\/","og_site_name":"EZinvest","article_modified_time":"2021-11-24T14:55:27+00:00","twitter_card":"summary_large_image","twitter_misc":{"Est. reading time":"1 Minute"},"schema":{"@context":"https:\/\/schema.org","@graph":[{"@type":"WebSite","@id":"https:\/\/eu.ezinvest.com\/#website","url":"https:\/\/eu.ezinvest.com\/","name":"EZinvest","description":"","potentialAction":[{"@type":"SearchAction","target":{"@type":"EntryPoint","urlTemplate":"https:\/\/eu.ezinvest.com\/?s={search_term_string}"},"query-input":"required name=search_term_string"}],"inLanguage":"de-DE"},{"@type":"WebPage","@id":"https:\/\/eu.ezinvest.com\/de\/regulation\/legal-information\/#webpage","url":"https:\/\/eu.ezinvest.com\/de\/regulation\/legal-information\/","name":"Rechtliche Informationen - EZinvest","isPartOf":{"@id":"https:\/\/eu.ezinvest.com\/#website"},"datePublished":"2021-09-13T10:23:12+00:00","dateModified":"2021-11-24T14:55:27+00:00","breadcrumb":{"@id":"https:\/\/eu.ezinvest.com\/de\/regulation\/legal-information\/#breadcrumb"},"inLanguage":"de-DE","potentialAction":[{"@type":"ReadAction","target":["https:\/\/eu.ezinvest.com\/de\/regulation\/legal-information\/"]}]},{"@type":"BreadcrumbList","@id":"https:\/\/eu.ezinvest.com\/de\/regulation\/legal-information\/#breadcrumb","itemListElement":[{"@type":"ListItem","position":1,"name":"Home","item":"https:\/\/eu.ezinvest.com\/de\/"},{"@type":"ListItem","position":2,"name":"VERORDNUNG","item":"https:\/\/eu.ezinvest.com\/de\/regulation\/"},{"@type":"ListItem","position":3,"name":"Rechtliche Informationen"}]}]}},"_links":{"self":[{"href":"https:\/\/eu.ezinvest.com\/de\/wp-json\/wp\/v2\/pages\/2495","targetHints":{"allow":["GET"]}}],"collection":[{"href":"https:\/\/eu.ezinvest.com\/de\/wp-json\/wp\/v2\/pages"}],"about":[{"href":"https:\/\/eu.ezinvest.com\/de\/wp-json\/wp\/v2\/types\/page"}],"author":[{"embeddable":true,"href":"https:\/\/eu.ezinvest.com\/de\/wp-json\/wp\/v2\/users\/1"}],"replies":[{"embeddable":true,"href":"https:\/\/eu.ezinvest.com\/de\/wp-json\/wp\/v2\/comments?post=2495"}],"version-history":[{"count":4,"href":"https:\/\/eu.ezinvest.com\/de\/wp-json\/wp\/v2\/pages\/2495\/revisions"}],"predecessor-version":[{"id":2499,"href":"https:\/\/eu.ezinvest.com\/de\/wp-json\/wp\/v2\/pages\/2495\/revisions\/2499"}],"up":[{"embeddable":true,"href":"https:\/\/eu.ezinvest.com\/de\/wp-json\/wp\/v2\/pages\/2481"}],"wp:attachment":[{"href":"https:\/\/eu.ezinvest.com\/de\/wp-json\/wp\/v2\/media?parent=2495"}],"curies":[{"name":"wp","href":"https:\/\/api.w.org\/{rel}","templated":true}]}}