{"id":4552,"date":"2021-09-01T08:39:25","date_gmt":"2021-09-01T08:39:25","guid":{"rendered":"https:\/\/eu.ezinvest.com\/trading\/safety-of-funds\/"},"modified":"2022-01-13T13:12:18","modified_gmt":"2022-01-13T13:12:18","slug":"safety-of-funds","status":"publish","type":"page","link":"https:\/\/eu.ezinvest.com\/es\/trading\/safety-of-funds\/","title":{"rendered":"SEGURIDAD DE LOS FONDOS"},"content":{"rendered":"\t\t<div data-elementor-type=\"wp-page\" data-elementor-id=\"4552\" class=\"elementor elementor-4552 elementor-690\">\n\t\t\t\t\t\t\t\t\t<section class=\"ob-is-breaking-bad elementor-section elementor-top-section elementor-element elementor-element-6a70dd22 elementor-section-content-middle elementor-section-boxed elementor-section-height-default elementor-section-height-default\" data-id=\"6a70dd22\" data-element_type=\"section\" data-settings=\"{&quot;background_background&quot;:&quot;classic&quot;,&quot;_ob_bbad_use_it&quot;:&quot;yes&quot;,&quot;_ob_bbad_sssic_use&quot;:&quot;no&quot;,&quot;_ob_glider_is_slider&quot;:&quot;no&quot;}\">\n\t\t\t\t\t\t<div class=\"elementor-container elementor-column-gap-default\">\n\t\t\t\t\t<div class=\"elementor-column elementor-col-66 elementor-top-column elementor-element elementor-element-72d478db\" data-id=\"72d478db\" data-element_type=\"column\" data-settings=\"{&quot;_ob_bbad_is_stalker&quot;:&quot;no&quot;,&quot;_ob_teleporter_use&quot;:false,&quot;_ob_column_hoveranimator&quot;:&quot;no&quot;,&quot;_ob_column_has_pseudo&quot;:&quot;no&quot;}\">\n\t\t\t<div class=\"elementor-widget-wrap elementor-element-populated\">\n\t\t\t\t\t\t\t\t<div class=\"elementor-element elementor-element-b65b0e6 ob-harakiri-inherit ob-has-background-overlay elementor-widget elementor-widget-heading\" data-id=\"b65b0e6\" data-element_type=\"widget\" data-settings=\"{&quot;_ob_use_harakiri&quot;:&quot;yes&quot;,&quot;_ob_harakiri_writing_mode&quot;:&quot;inherit&quot;,&quot;_ob_harakiri_text_clip&quot;:&quot;none&quot;,&quot;_ob_perspektive_use&quot;:&quot;no&quot;,&quot;_ob_poopart_use&quot;:&quot;yes&quot;,&quot;_ob_shadough_use&quot;:&quot;no&quot;,&quot;_ob_allow_hoveranimator&quot;:&quot;no&quot;,&quot;_ob_widget_stalker_use&quot;:&quot;no&quot;}\" data-widget_type=\"heading.default\">\n\t\t\t\t<div class=\"elementor-widget-container\">\n\t\t\t<style>\/*! elementor - v3.12.1 - 02-04-2023 *\/\n.elementor-heading-title{padding:0;margin:0;line-height:1}.elementor-widget-heading .elementor-heading-title[class*=elementor-size-]>a{color:inherit;font-size:inherit;line-height:inherit}.elementor-widget-heading .elementor-heading-title.elementor-size-small{font-size:15px}.elementor-widget-heading .elementor-heading-title.elementor-size-medium{font-size:19px}.elementor-widget-heading .elementor-heading-title.elementor-size-large{font-size:29px}.elementor-widget-heading .elementor-heading-title.elementor-size-xl{font-size:39px}.elementor-widget-heading .elementor-heading-title.elementor-size-xxl{font-size:59px}<\/style><h1 class=\"elementor-heading-title elementor-size-default\">SEGURIDAD DE LOS FONDOS<\/h1>\t\t<\/div>\n\t\t\t\t<\/div>\n\t\t\t\t<div class=\"elementor-element elementor-element-2088e9e8 ob-harakiri-inherit ob-has-background-overlay elementor-widget elementor-widget-heading\" data-id=\"2088e9e8\" data-element_type=\"widget\" data-settings=\"{&quot;_ob_use_harakiri&quot;:&quot;yes&quot;,&quot;_ob_harakiri_writing_mode&quot;:&quot;inherit&quot;,&quot;_ob_harakiri_text_clip&quot;:&quot;none&quot;,&quot;_ob_perspektive_use&quot;:&quot;no&quot;,&quot;_ob_poopart_use&quot;:&quot;yes&quot;,&quot;_ob_shadough_use&quot;:&quot;no&quot;,&quot;_ob_allow_hoveranimator&quot;:&quot;no&quot;,&quot;_ob_widget_stalker_use&quot;:&quot;no&quot;}\" data-widget_type=\"heading.default\">\n\t\t\t\t<div class=\"elementor-widget-container\">\n\t\t\t<h2 class=\"elementor-heading-title elementor-size-default\">NUESTRA M\u00c1XIMA PRIORIDAD<\/h2>\t\t<\/div>\n\t\t\t\t<\/div>\n\t\t\t\t\t<\/div>\n\t\t<\/div>\n\t\t\t\t<div class=\"elementor-column elementor-col-33 elementor-top-column elementor-element elementor-element-67314b7d\" data-id=\"67314b7d\" data-element_type=\"column\" data-settings=\"{&quot;_ob_bbad_is_stalker&quot;:&quot;no&quot;,&quot;_ob_teleporter_use&quot;:false,&quot;_ob_column_hoveranimator&quot;:&quot;no&quot;,&quot;_ob_column_has_pseudo&quot;:&quot;no&quot;}\">\n\t\t\t<div class=\"elementor-widget-wrap elementor-element-populated\">\n\t\t\t\t\t\t\t\t<div class=\"elementor-element elementor-element-3ff892f9 elementor-align-center ob-has-background-overlay elementor-widget elementor-widget-breadcrumbs\" data-id=\"3ff892f9\" data-element_type=\"widget\" data-settings=\"{&quot;_ob_perspektive_use&quot;:&quot;no&quot;,&quot;_ob_poopart_use&quot;:&quot;yes&quot;,&quot;_ob_shadough_use&quot;:&quot;no&quot;,&quot;_ob_allow_hoveranimator&quot;:&quot;no&quot;,&quot;_ob_widget_stalker_use&quot;:&quot;no&quot;}\" data-widget_type=\"breadcrumbs.default\">\n\t\t\t\t<div class=\"elementor-widget-container\">\n\t\t\t<link rel=\"stylesheet\" href=\"https:\/\/eu.ezinvest.com\/wp-content\/plugins\/elementor-pro\/assets\/css\/widget-theme-elements.min.css\"><p id=\"breadcrumbs\"><span><span><a href=\"https:\/\/eu.ezinvest.com\/es\/\">Home<\/a><\/span><\/p>\t\t<\/div>\n\t\t\t\t<\/div>\n\t\t\t\t\t<\/div>\n\t\t<\/div>\n\t\t\t\t\t\t\t<\/div>\n\t\t<\/section>\n\t\t\t\t<section class=\"ob-is-breaking-bad elementor-section elementor-top-section elementor-element elementor-element-c19e90c elementor-section-content-middle elementor-section-boxed elementor-section-height-default elementor-section-height-default\" data-id=\"c19e90c\" data-element_type=\"section\" data-settings=\"{&quot;_ob_bbad_use_it&quot;:&quot;yes&quot;,&quot;_ob_bbad_sssic_use&quot;:&quot;no&quot;,&quot;_ob_glider_is_slider&quot;:&quot;no&quot;}\">\n\t\t\t\t\t\t<div class=\"elementor-container elementor-column-gap-wider\">\n\t\t\t\t\t<div class=\"elementor-column elementor-col-50 elementor-top-column elementor-element elementor-element-c055286\" data-id=\"c055286\" data-element_type=\"column\" data-settings=\"{&quot;_ob_bbad_is_stalker&quot;:&quot;no&quot;,&quot;_ob_teleporter_use&quot;:false,&quot;_ob_column_hoveranimator&quot;:&quot;no&quot;,&quot;_ob_column_has_pseudo&quot;:&quot;no&quot;}\">\n\t\t\t<div class=\"elementor-widget-wrap elementor-element-populated\">\n\t\t\t\t\t\t\t\t<div class=\"elementor-element elementor-element-1484912 ob-harakiri-inherit ob-has-background-overlay elementor-widget elementor-widget-heading\" data-id=\"1484912\" data-element_type=\"widget\" data-settings=\"{&quot;_ob_use_harakiri&quot;:&quot;yes&quot;,&quot;_ob_harakiri_writing_mode&quot;:&quot;inherit&quot;,&quot;_ob_harakiri_text_clip&quot;:&quot;none&quot;,&quot;_ob_perspektive_use&quot;:&quot;no&quot;,&quot;_ob_poopart_use&quot;:&quot;yes&quot;,&quot;_ob_shadough_use&quot;:&quot;no&quot;,&quot;_ob_allow_hoveranimator&quot;:&quot;no&quot;,&quot;_ob_widget_stalker_use&quot;:&quot;no&quot;}\" data-widget_type=\"heading.default\">\n\t\t\t\t<div class=\"elementor-widget-container\">\n\t\t\t<h6 class=\"elementor-heading-title elementor-size-default\">F\u00e1cil y Seguro<\/h6>\t\t<\/div>\n\t\t\t\t<\/div>\n\t\t\t\t<div class=\"elementor-element elementor-element-3193499 ob-harakiri-inherit ob-has-background-overlay elementor-widget elementor-widget-heading\" data-id=\"3193499\" data-element_type=\"widget\" data-settings=\"{&quot;_ob_use_harakiri&quot;:&quot;yes&quot;,&quot;_ob_harakiri_writing_mode&quot;:&quot;inherit&quot;,&quot;_ob_harakiri_text_clip&quot;:&quot;none&quot;,&quot;_ob_perspektive_use&quot;:&quot;no&quot;,&quot;_ob_poopart_use&quot;:&quot;yes&quot;,&quot;_ob_shadough_use&quot;:&quot;no&quot;,&quot;_ob_allow_hoveranimator&quot;:&quot;no&quot;,&quot;_ob_widget_stalker_use&quot;:&quot;no&quot;}\" data-widget_type=\"heading.default\">\n\t\t\t\t<div class=\"elementor-widget-container\">\n\t\t\t<h3 class=\"elementor-heading-title elementor-size-default\">Protecci\u00f3n del cliente<\/h3>\t\t<\/div>\n\t\t\t\t<\/div>\n\t\t\t\t<div class=\"elementor-element elementor-element-911142a ob-harakiri-inherit ob-has-background-overlay elementor-widget elementor-widget-text-editor\" data-id=\"911142a\" data-element_type=\"widget\" data-settings=\"{&quot;_ob_use_harakiri&quot;:&quot;yes&quot;,&quot;_ob_harakiri_writing_mode&quot;:&quot;inherit&quot;,&quot;_ob_postman_use&quot;:&quot;no&quot;,&quot;_ob_perspektive_use&quot;:&quot;no&quot;,&quot;_ob_poopart_use&quot;:&quot;yes&quot;,&quot;_ob_shadough_use&quot;:&quot;no&quot;,&quot;_ob_allow_hoveranimator&quot;:&quot;no&quot;,&quot;_ob_widget_stalker_use&quot;:&quot;no&quot;}\" data-widget_type=\"text-editor.default\">\n\t\t\t\t<div class=\"elementor-widget-container\">\n\t\t\t<style>\/*! elementor - v3.12.1 - 02-04-2023 *\/\n.elementor-widget-text-editor.elementor-drop-cap-view-stacked .elementor-drop-cap{background-color:#69727d;color:#fff}.elementor-widget-text-editor.elementor-drop-cap-view-framed .elementor-drop-cap{color:#69727d;border:3px solid;background-color:transparent}.elementor-widget-text-editor:not(.elementor-drop-cap-view-default) .elementor-drop-cap{margin-top:8px}.elementor-widget-text-editor:not(.elementor-drop-cap-view-default) .elementor-drop-cap-letter{width:1em;height:1em}.elementor-widget-text-editor .elementor-drop-cap{float:left;text-align:center;line-height:1;font-size:50px}.elementor-widget-text-editor .elementor-drop-cap-letter{display:inline-block}<\/style>\t\t\t\t<p>Depositar fondos en su cuenta de trading EZInvest es f\u00e1cil y seguro usando nuestro m\u00e9todo de ingreso, que le permite depositar fondos a trav\u00e9s de tarjetas de cr\u00e9dito como Visa y MasterCard (no aceptamos American Express en este momento), y a trav\u00e9s de Transferencia Bancaria. Simplemente haga clic en el m\u00e9todo deseado para realizar el ingreso y asi poder comenzar.<\/p><p>EZInvest es el nombre comercial de WGM Services Ltd, una empresa de servicios financieros sujeta a la regulaci\u00f3n y supervisi\u00f3n de la Comisi\u00f3n de Bolsa de Valores de Chipre (CySEC)bajo el n\u00famero de licencia 203\/13. Las oficinas de WGM Services Ltd est\u00e1n ubicadas en la calle Vizantiou n\u00ba11, 2064, Strovolos, Nicosia, Chipre.<\/p><p>La seguridad de los fondos de nuestros clientes es nuestra m\u00e1xima prioridad. En EZInvest, los fondos de nuestros clientes se retienen en una cuenta segregada lejos de las cuentas propias de la empresa y se mantienen en instituciones bancarias de la UE de excelente reputaci\u00f3n. Tomamos grandes medidas para garantizar que todos los dep\u00f3sitos realizados con nosotros en EZInvest est\u00e9n completamente asegurados.<\/p><p>El acceso a los fondos de los clientes sin su autorizaci\u00f3n o para otras opciones que no sean aquellas para las que tenemos autorizaci\u00f3n, est\u00e1 completamente prohibido en EZInvest. Nos aferramos estrictamente a la normativa contra el blanqueo de capitales y a las normas de protecci\u00f3n de datos.<\/p>\t\t\t\t\t\t<\/div>\n\t\t\t\t<\/div>\n\t\t\t\t\t<\/div>\n\t\t<\/div>\n\t\t\t\t<div class=\"elementor-column elementor-col-50 elementor-top-column elementor-element elementor-element-3c1b987\" data-id=\"3c1b987\" data-element_type=\"column\" data-settings=\"{&quot;_ob_bbad_is_stalker&quot;:&quot;no&quot;,&quot;_ob_teleporter_use&quot;:false,&quot;_ob_column_hoveranimator&quot;:&quot;no&quot;,&quot;_ob_column_has_pseudo&quot;:&quot;no&quot;}\">\n\t\t\t<div class=\"elementor-widget-wrap elementor-element-populated\">\n\t\t\t\t\t\t\t\t<div class=\"elementor-element elementor-element-4a6ac47 ob-has-background-overlay elementor-widget elementor-widget-image\" data-id=\"4a6ac47\" data-element_type=\"widget\" data-settings=\"{&quot;_ob_photomorph_use&quot;:&quot;no&quot;,&quot;_ob_perspektive_use&quot;:&quot;no&quot;,&quot;_ob_poopart_use&quot;:&quot;yes&quot;,&quot;_ob_shadough_use&quot;:&quot;no&quot;,&quot;_ob_allow_hoveranimator&quot;:&quot;no&quot;,&quot;_ob_widget_stalker_use&quot;:&quot;no&quot;}\" data-widget_type=\"image.default\">\n\t\t\t\t<div class=\"elementor-widget-container\">\n\t\t\t<style>\/*! elementor - v3.12.1 - 02-04-2023 *\/\n.elementor-widget-image{text-align:center}.elementor-widget-image a{display:inline-block}.elementor-widget-image a img[src$=\".svg\"]{width:48px}.elementor-widget-image img{vertical-align:middle;display:inline-block}<\/style>\t\t\t\t\t\t\t\t\t\t\t\t<img decoding=\"async\" src=\"https:\/\/eu.ezinvest.com\/wp-content\/uploads\/elementor\/thumbs\/trading-safety-1-pcgu2qhck0utuvsx1r2p6xd3rwbji522p2oahht7gg.jpg\" title=\"trading-safety-1\" alt=\"trading-safety-1\" loading=\"lazy\" \/>\t\t\t\t\t\t\t\t\t\t\t\t\t\t\t<\/div>\n\t\t\t\t<\/div>\n\t\t\t\t\t<\/div>\n\t\t<\/div>\n\t\t\t\t\t\t\t<\/div>\n\t\t<\/section>\n\t\t\t\t\t\t\t<\/div>\n\t\t","protected":false},"excerpt":{"rendered":"<p>SEGURIDAD DE LOS FONDOS NUESTRA M\u00c1XIMA PRIORIDAD F\u00e1cil y Seguro Protecci\u00f3n del cliente Depositar fondos en su cuenta de trading EZInvest es f\u00e1cil y seguro usando nuestro m\u00e9todo de ingreso, que le permite depositar fondos a trav\u00e9s de tarjetas de cr\u00e9dito como Visa y MasterCard (no aceptamos American Express en este momento), y a trav\u00e9s [&hellip;]<\/p>\n","protected":false},"author":1,"featured_media":0,"parent":4484,"menu_order":0,"comment_status":"closed","ping_status":"closed","template":"elementor_header_footer","meta":{"footnotes":""},"class_list":["post-4552","page","type-page","status-publish","hentry"],"yoast_head":"<!-- This site is optimized with the Yoast SEO plugin v17.0 - https:\/\/yoast.com\/wordpress\/plugins\/seo\/ -->\n<title>SEGURIDAD DE LOS FONDOS - EZinvest<\/title>\n<meta name=\"robots\" content=\"index, follow, max-snippet:-1, max-image-preview:large, max-video-preview:-1\" \/>\n<link rel=\"canonical\" href=\"https:\/\/eu.ezinvest.com\/es\/trading\/safety-of-funds\/\" \/>\n<meta property=\"og:locale\" content=\"es_ES\" \/>\n<meta property=\"og:type\" content=\"article\" \/>\n<meta property=\"og:title\" content=\"SEGURIDAD DE LOS FONDOS - EZinvest\" \/>\n<meta property=\"og:description\" content=\"SEGURIDAD DE LOS FONDOS NUESTRA M\u00c1XIMA PRIORIDAD F\u00e1cil y Seguro Protecci\u00f3n del cliente Depositar fondos en su cuenta de trading EZInvest es f\u00e1cil y seguro usando nuestro m\u00e9todo de ingreso, que le permite depositar fondos a trav\u00e9s de tarjetas de cr\u00e9dito como Visa y MasterCard (no aceptamos American Express en este momento), y a trav\u00e9s [&hellip;]\" \/>\n<meta property=\"og:url\" content=\"https:\/\/eu.ezinvest.com\/es\/trading\/safety-of-funds\/\" \/>\n<meta property=\"og:site_name\" content=\"EZinvest\" \/>\n<meta property=\"article:modified_time\" content=\"2022-01-13T13:12:18+00:00\" \/>\n<meta property=\"og:image\" content=\"https:\/\/eu.ezinvest.com\/wp-content\/uploads\/elementor\/thumbs\/trading-safety-1-pcgu2qhck0utuvsx1r2p6xd3rwbji522p2oahht7gg.jpg\" \/>\n<meta name=\"twitter:card\" content=\"summary_large_image\" \/>\n<meta name=\"twitter:label1\" content=\"Est. reading time\" \/>\n\t<meta name=\"twitter:data1\" content=\"2 minutos\" \/>\n<script type=\"application\/ld+json\" class=\"yoast-schema-graph\">{\"@context\":\"https:\/\/schema.org\",\"@graph\":[{\"@type\":\"WebSite\",\"@id\":\"https:\/\/eu.ezinvest.com\/#website\",\"url\":\"https:\/\/eu.ezinvest.com\/\",\"name\":\"EZinvest\",\"description\":\"\",\"potentialAction\":[{\"@type\":\"SearchAction\",\"target\":{\"@type\":\"EntryPoint\",\"urlTemplate\":\"https:\/\/eu.ezinvest.com\/?s={search_term_string}\"},\"query-input\":\"required name=search_term_string\"}],\"inLanguage\":\"es\"},{\"@type\":\"ImageObject\",\"@id\":\"https:\/\/eu.ezinvest.com\/es\/trading\/safety-of-funds\/#primaryimage\",\"inLanguage\":\"es\",\"url\":\"https:\/\/eu.ezinvest.com\/wp-content\/uploads\/elementor\/thumbs\/trading-safety-1-pcgu2qhck0utuvsx1r2p6xd3rwbji522p2oahht7gg.jpg\",\"contentUrl\":\"https:\/\/eu.ezinvest.com\/wp-content\/uploads\/elementor\/thumbs\/trading-safety-1-pcgu2qhck0utuvsx1r2p6xd3rwbji522p2oahht7gg.jpg\"},{\"@type\":\"WebPage\",\"@id\":\"https:\/\/eu.ezinvest.com\/es\/trading\/safety-of-funds\/#webpage\",\"url\":\"https:\/\/eu.ezinvest.com\/es\/trading\/safety-of-funds\/\",\"name\":\"SEGURIDAD DE LOS FONDOS - EZinvest\",\"isPartOf\":{\"@id\":\"https:\/\/eu.ezinvest.com\/#website\"},\"primaryImageOfPage\":{\"@id\":\"https:\/\/eu.ezinvest.com\/es\/trading\/safety-of-funds\/#primaryimage\"},\"datePublished\":\"2021-09-01T08:39:25+00:00\",\"dateModified\":\"2022-01-13T13:12:18+00:00\",\"breadcrumb\":{\"@id\":\"https:\/\/eu.ezinvest.com\/es\/trading\/safety-of-funds\/#breadcrumb\"},\"inLanguage\":\"es\",\"potentialAction\":[{\"@type\":\"ReadAction\",\"target\":[\"https:\/\/eu.ezinvest.com\/es\/trading\/safety-of-funds\/\"]}]},{\"@type\":\"BreadcrumbList\",\"@id\":\"https:\/\/eu.ezinvest.com\/es\/trading\/safety-of-funds\/#breadcrumb\",\"itemListElement\":[{\"@type\":\"ListItem\",\"position\":1,\"name\":\"Home\",\"item\":\"https:\/\/eu.ezinvest.com\/es\/\"},{\"@type\":\"ListItem\",\"position\":2,\"name\":\"Trading\",\"item\":\"https:\/\/eu.ezinvest.com\/es\/trading\/\"},{\"@type\":\"ListItem\",\"position\":3,\"name\":\"SEGURIDAD DE LOS FONDOS\"}]}]}<\/script>\n<!-- \/ Yoast SEO plugin. -->","yoast_head_json":{"title":"SEGURIDAD DE LOS FONDOS - EZinvest","robots":{"index":"index","follow":"follow","max-snippet":"max-snippet:-1","max-image-preview":"max-image-preview:large","max-video-preview":"max-video-preview:-1"},"canonical":"https:\/\/eu.ezinvest.com\/es\/trading\/safety-of-funds\/","og_locale":"es_ES","og_type":"article","og_title":"SEGURIDAD DE LOS FONDOS - EZinvest","og_description":"SEGURIDAD DE LOS FONDOS NUESTRA M\u00c1XIMA PRIORIDAD F\u00e1cil y Seguro Protecci\u00f3n del cliente Depositar fondos en su cuenta de trading EZInvest es f\u00e1cil y seguro usando nuestro m\u00e9todo de ingreso, que le permite depositar fondos a trav\u00e9s de tarjetas de cr\u00e9dito como Visa y MasterCard (no aceptamos American Express en este momento), y a trav\u00e9s [&hellip;]","og_url":"https:\/\/eu.ezinvest.com\/es\/trading\/safety-of-funds\/","og_site_name":"EZinvest","article_modified_time":"2022-01-13T13:12:18+00:00","og_image":[{"url":"https:\/\/eu.ezinvest.com\/wp-content\/uploads\/elementor\/thumbs\/trading-safety-1-pcgu2qhck0utuvsx1r2p6xd3rwbji522p2oahht7gg.jpg"}],"twitter_card":"summary_large_image","twitter_misc":{"Est. reading time":"2 minutos"},"schema":{"@context":"https:\/\/schema.org","@graph":[{"@type":"WebSite","@id":"https:\/\/eu.ezinvest.com\/#website","url":"https:\/\/eu.ezinvest.com\/","name":"EZinvest","description":"","potentialAction":[{"@type":"SearchAction","target":{"@type":"EntryPoint","urlTemplate":"https:\/\/eu.ezinvest.com\/?s={search_term_string}"},"query-input":"required name=search_term_string"}],"inLanguage":"es"},{"@type":"ImageObject","@id":"https:\/\/eu.ezinvest.com\/es\/trading\/safety-of-funds\/#primaryimage","inLanguage":"es","url":"https:\/\/eu.ezinvest.com\/wp-content\/uploads\/elementor\/thumbs\/trading-safety-1-pcgu2qhck0utuvsx1r2p6xd3rwbji522p2oahht7gg.jpg","contentUrl":"https:\/\/eu.ezinvest.com\/wp-content\/uploads\/elementor\/thumbs\/trading-safety-1-pcgu2qhck0utuvsx1r2p6xd3rwbji522p2oahht7gg.jpg"},{"@type":"WebPage","@id":"https:\/\/eu.ezinvest.com\/es\/trading\/safety-of-funds\/#webpage","url":"https:\/\/eu.ezinvest.com\/es\/trading\/safety-of-funds\/","name":"SEGURIDAD DE LOS FONDOS - EZinvest","isPartOf":{"@id":"https:\/\/eu.ezinvest.com\/#website"},"primaryImageOfPage":{"@id":"https:\/\/eu.ezinvest.com\/es\/trading\/safety-of-funds\/#primaryimage"},"datePublished":"2021-09-01T08:39:25+00:00","dateModified":"2022-01-13T13:12:18+00:00","breadcrumb":{"@id":"https:\/\/eu.ezinvest.com\/es\/trading\/safety-of-funds\/#breadcrumb"},"inLanguage":"es","potentialAction":[{"@type":"ReadAction","target":["https:\/\/eu.ezinvest.com\/es\/trading\/safety-of-funds\/"]}]},{"@type":"BreadcrumbList","@id":"https:\/\/eu.ezinvest.com\/es\/trading\/safety-of-funds\/#breadcrumb","itemListElement":[{"@type":"ListItem","position":1,"name":"Home","item":"https:\/\/eu.ezinvest.com\/es\/"},{"@type":"ListItem","position":2,"name":"Trading","item":"https:\/\/eu.ezinvest.com\/es\/trading\/"},{"@type":"ListItem","position":3,"name":"SEGURIDAD DE LOS FONDOS"}]}]}},"_links":{"self":[{"href":"https:\/\/eu.ezinvest.com\/es\/wp-json\/wp\/v2\/pages\/4552","targetHints":{"allow":["GET"]}}],"collection":[{"href":"https:\/\/eu.ezinvest.com\/es\/wp-json\/wp\/v2\/pages"}],"about":[{"href":"https:\/\/eu.ezinvest.com\/es\/wp-json\/wp\/v2\/types\/page"}],"author":[{"embeddable":true,"href":"https:\/\/eu.ezinvest.com\/es\/wp-json\/wp\/v2\/users\/1"}],"replies":[{"embeddable":true,"href":"https:\/\/eu.ezinvest.com\/es\/wp-json\/wp\/v2\/comments?post=4552"}],"version-history":[{"count":7,"href":"https:\/\/eu.ezinvest.com\/es\/wp-json\/wp\/v2\/pages\/4552\/revisions"}],"predecessor-version":[{"id":4559,"href":"https:\/\/eu.ezinvest.com\/es\/wp-json\/wp\/v2\/pages\/4552\/revisions\/4559"}],"up":[{"embeddable":true,"href":"https:\/\/eu.ezinvest.com\/es\/wp-json\/wp\/v2\/pages\/4484"}],"wp:attachment":[{"href":"https:\/\/eu.ezinvest.com\/es\/wp-json\/wp\/v2\/media?parent=4552"}],"curies":[{"name":"wp","href":"https:\/\/api.w.org\/{rel}","templated":true}]}}