{"id":4649,"date":"2021-09-13T09:05:57","date_gmt":"2021-09-13T09:05:57","guid":{"rendered":"https:\/\/eu.ezinvest.com\/regulation\/policies\/"},"modified":"2025-05-02T07:26:22","modified_gmt":"2025-05-02T07:26:22","slug":"policies","status":"publish","type":"page","link":"https:\/\/eu.ezinvest.com\/es\/regulation\/policies\/","title":{"rendered":"POL\u00cdTICAS DE USO"},"content":{"rendered":"\t\t<div data-elementor-type=\"wp-page\" data-elementor-id=\"4649\" class=\"elementor elementor-4649 elementor-936\">\n\t\t\t\t\t\t\t\t\t<section class=\"ob-is-breaking-bad elementor-section elementor-top-section elementor-element elementor-element-7506354b elementor-section-content-middle elementor-section-boxed elementor-section-height-default elementor-section-height-default\" data-id=\"7506354b\" data-element_type=\"section\" data-settings=\"{&quot;background_background&quot;:&quot;classic&quot;,&quot;_ob_bbad_use_it&quot;:&quot;yes&quot;,&quot;_ob_bbad_sssic_use&quot;:&quot;no&quot;,&quot;_ob_glider_is_slider&quot;:&quot;no&quot;}\">\n\t\t\t\t\t\t<div class=\"elementor-container elementor-column-gap-default\">\n\t\t\t\t\t<div class=\"elementor-column elementor-col-66 elementor-top-column elementor-element elementor-element-33025d8b\" data-id=\"33025d8b\" data-element_type=\"column\" data-settings=\"{&quot;_ob_bbad_is_stalker&quot;:&quot;no&quot;,&quot;_ob_teleporter_use&quot;:false,&quot;_ob_column_hoveranimator&quot;:&quot;no&quot;,&quot;_ob_column_has_pseudo&quot;:&quot;no&quot;}\">\n\t\t\t<div class=\"elementor-widget-wrap elementor-element-populated\">\n\t\t\t\t\t\t\t\t<div class=\"elementor-element elementor-element-1c6f4aac ob-harakiri-inherit ob-has-background-overlay elementor-widget elementor-widget-heading\" data-id=\"1c6f4aac\" data-element_type=\"widget\" data-settings=\"{&quot;_ob_use_harakiri&quot;:&quot;yes&quot;,&quot;_ob_harakiri_writing_mode&quot;:&quot;inherit&quot;,&quot;_ob_harakiri_text_clip&quot;:&quot;none&quot;,&quot;_ob_perspektive_use&quot;:&quot;no&quot;,&quot;_ob_poopart_use&quot;:&quot;yes&quot;,&quot;_ob_shadough_use&quot;:&quot;no&quot;,&quot;_ob_allow_hoveranimator&quot;:&quot;no&quot;,&quot;_ob_widget_stalker_use&quot;:&quot;no&quot;}\" data-widget_type=\"heading.default\">\n\t\t\t\t<div class=\"elementor-widget-container\">\n\t\t\t<style>\/*! elementor - v3.12.1 - 02-04-2023 *\/\n.elementor-heading-title{padding:0;margin:0;line-height:1}.elementor-widget-heading .elementor-heading-title[class*=elementor-size-]>a{color:inherit;font-size:inherit;line-height:inherit}.elementor-widget-heading .elementor-heading-title.elementor-size-small{font-size:15px}.elementor-widget-heading .elementor-heading-title.elementor-size-medium{font-size:19px}.elementor-widget-heading .elementor-heading-title.elementor-size-large{font-size:29px}.elementor-widget-heading .elementor-heading-title.elementor-size-xl{font-size:39px}.elementor-widget-heading .elementor-heading-title.elementor-size-xxl{font-size:59px}<\/style><h1 class=\"elementor-heading-title elementor-size-default\">REGLAMENTO<\/h1>\t\t<\/div>\n\t\t\t\t<\/div>\n\t\t\t\t<div class=\"elementor-element elementor-element-5eaf062b ob-harakiri-inherit ob-has-background-overlay elementor-widget elementor-widget-heading\" data-id=\"5eaf062b\" data-element_type=\"widget\" data-settings=\"{&quot;_ob_use_harakiri&quot;:&quot;yes&quot;,&quot;_ob_harakiri_writing_mode&quot;:&quot;inherit&quot;,&quot;_ob_harakiri_text_clip&quot;:&quot;none&quot;,&quot;_ob_perspektive_use&quot;:&quot;no&quot;,&quot;_ob_poopart_use&quot;:&quot;yes&quot;,&quot;_ob_shadough_use&quot;:&quot;no&quot;,&quot;_ob_allow_hoveranimator&quot;:&quot;no&quot;,&quot;_ob_widget_stalker_use&quot;:&quot;no&quot;}\" data-widget_type=\"heading.default\">\n\t\t\t\t<div class=\"elementor-widget-container\">\n\t\t\t<h2 class=\"elementor-heading-title elementor-size-default\">POL\u00cdTICAS DE USO<\/h2>\t\t<\/div>\n\t\t\t\t<\/div>\n\t\t\t\t\t<\/div>\n\t\t<\/div>\n\t\t\t\t<div class=\"elementor-column elementor-col-33 elementor-top-column elementor-element elementor-element-6a140c94\" data-id=\"6a140c94\" data-element_type=\"column\" data-settings=\"{&quot;_ob_bbad_is_stalker&quot;:&quot;no&quot;,&quot;_ob_teleporter_use&quot;:false,&quot;_ob_column_hoveranimator&quot;:&quot;no&quot;,&quot;_ob_column_has_pseudo&quot;:&quot;no&quot;}\">\n\t\t\t<div class=\"elementor-widget-wrap elementor-element-populated\">\n\t\t\t\t\t\t\t\t<div class=\"elementor-element elementor-element-e7770e2 elementor-align-center ob-has-background-overlay elementor-widget elementor-widget-breadcrumbs\" data-id=\"e7770e2\" data-element_type=\"widget\" data-settings=\"{&quot;_ob_perspektive_use&quot;:&quot;no&quot;,&quot;_ob_poopart_use&quot;:&quot;yes&quot;,&quot;_ob_shadough_use&quot;:&quot;no&quot;,&quot;_ob_allow_hoveranimator&quot;:&quot;no&quot;,&quot;_ob_widget_stalker_use&quot;:&quot;no&quot;}\" data-widget_type=\"breadcrumbs.default\">\n\t\t\t\t<div class=\"elementor-widget-container\">\n\t\t\t<link rel=\"stylesheet\" href=\"https:\/\/eu.ezinvest.com\/wp-content\/plugins\/elementor-pro\/assets\/css\/widget-theme-elements.min.css\"><p id=\"breadcrumbs\"><span><span><a href=\"https:\/\/eu.ezinvest.com\/es\/\">Home<\/a><\/span><\/p>\t\t<\/div>\n\t\t\t\t<\/div>\n\t\t\t\t\t<\/div>\n\t\t<\/div>\n\t\t\t\t\t\t\t<\/div>\n\t\t<\/section>\n\t\t\t\t<section class=\"ob-is-breaking-bad elementor-section elementor-top-section elementor-element elementor-element-509731f elementor-section-boxed elementor-section-height-default elementor-section-height-default\" data-id=\"509731f\" data-element_type=\"section\" data-settings=\"{&quot;_ob_bbad_use_it&quot;:&quot;yes&quot;,&quot;_ob_bbad_sssic_use&quot;:&quot;no&quot;,&quot;_ob_glider_is_slider&quot;:&quot;no&quot;}\">\n\t\t\t\t\t\t<div class=\"elementor-container elementor-column-gap-default\">\n\t\t\t\t\t<div class=\"elementor-column elementor-col-100 elementor-top-column elementor-element elementor-element-167c1fb\" data-id=\"167c1fb\" data-element_type=\"column\" data-settings=\"{&quot;_ob_bbad_is_stalker&quot;:&quot;no&quot;,&quot;_ob_teleporter_use&quot;:false,&quot;_ob_column_hoveranimator&quot;:&quot;no&quot;,&quot;_ob_column_has_pseudo&quot;:&quot;no&quot;}\">\n\t\t\t<div class=\"elementor-widget-wrap elementor-element-populated\">\n\t\t\t\t\t\t\t\t<div class=\"elementor-element elementor-element-2ac46f0 ob-harakiri-inherit ob-has-background-overlay elementor-widget elementor-widget-heading\" data-id=\"2ac46f0\" data-element_type=\"widget\" data-settings=\"{&quot;_ob_use_harakiri&quot;:&quot;yes&quot;,&quot;_ob_harakiri_writing_mode&quot;:&quot;inherit&quot;,&quot;_ob_harakiri_text_clip&quot;:&quot;none&quot;,&quot;_ob_perspektive_use&quot;:&quot;no&quot;,&quot;_ob_poopart_use&quot;:&quot;yes&quot;,&quot;_ob_shadough_use&quot;:&quot;no&quot;,&quot;_ob_allow_hoveranimator&quot;:&quot;no&quot;,&quot;_ob_widget_stalker_use&quot;:&quot;no&quot;}\" data-widget_type=\"heading.default\">\n\t\t\t\t<div class=\"elementor-widget-container\">\n\t\t\t<h3 class=\"elementor-heading-title elementor-size-default\">POL\u00cdTICAS DE USO <\/h3>\t\t<\/div>\n\t\t\t\t<\/div>\n\t\t\t\t<div class=\"elementor-element elementor-element-2be2d24 ob-has-background-overlay elementor-widget elementor-widget-accordion\" data-id=\"2be2d24\" data-element_type=\"widget\" data-settings=\"{&quot;_ob_perspektive_use&quot;:&quot;no&quot;,&quot;_ob_poopart_use&quot;:&quot;yes&quot;,&quot;_ob_shadough_use&quot;:&quot;no&quot;,&quot;_ob_allow_hoveranimator&quot;:&quot;no&quot;,&quot;_ob_widget_stalker_use&quot;:&quot;no&quot;}\" data-widget_type=\"accordion.default\">\n\t\t\t\t<div class=\"elementor-widget-container\">\n\t\t\t<style>\/*! elementor - v3.12.1 - 02-04-2023 *\/\n.elementor-accordion{text-align:left}.elementor-accordion .elementor-accordion-item{border:1px solid #d5d8dc}.elementor-accordion .elementor-accordion-item+.elementor-accordion-item{border-top:none}.elementor-accordion .elementor-tab-title{margin:0;padding:15px 20px;font-weight:700;line-height:1;cursor:pointer;outline:none}.elementor-accordion .elementor-tab-title .elementor-accordion-icon{display:inline-block;width:1.5em}.elementor-accordion .elementor-tab-title .elementor-accordion-icon svg{width:1em;height:1em}.elementor-accordion .elementor-tab-title .elementor-accordion-icon.elementor-accordion-icon-right{float:right;text-align:right}.elementor-accordion .elementor-tab-title .elementor-accordion-icon.elementor-accordion-icon-left{float:left;text-align:left}.elementor-accordion .elementor-tab-title .elementor-accordion-icon .elementor-accordion-icon-closed{display:block}.elementor-accordion .elementor-tab-title .elementor-accordion-icon .elementor-accordion-icon-opened,.elementor-accordion .elementor-tab-title.elementor-active .elementor-accordion-icon-closed{display:none}.elementor-accordion .elementor-tab-title.elementor-active .elementor-accordion-icon-opened{display:block}.elementor-accordion .elementor-tab-content{display:none;padding:15px 20px;border-top:1px solid #d5d8dc}@media (max-width:767px){.elementor-accordion .elementor-tab-title{padding:12px 15px}.elementor-accordion .elementor-tab-title .elementor-accordion-icon{width:1.2em}.elementor-accordion .elementor-tab-content{padding:7px 15px}}.e-con-inner>.elementor-widget-accordion,.e-con>.elementor-widget-accordion{width:var(--container-widget-width);--flex-grow:var(--container-widget-flex-grow)}<\/style>\t\t<div class=\"elementor-accordion\" role=\"tablist\">\n\t\t\t\t\t\t\t<div class=\"elementor-accordion-item\">\n\t\t\t\t\t<div id=\"elementor-tab-title-4601\" class=\"elementor-tab-title\" data-tab=\"1\" role=\"tab\" aria-controls=\"elementor-tab-content-4601\" aria-expanded=\"false\">\n\t\t\t\t\t\t\t\t\t\t\t\t\t<span class=\"elementor-accordion-icon elementor-accordion-icon-left\" aria-hidden=\"true\">\n\t\t\t\t\t\t\t\t\t\t\t\t\t\t\t<span class=\"elementor-accordion-icon-closed\"><i class=\"fas fa-plus\"><\/i><\/span>\n\t\t\t\t\t\t\t\t<span class=\"elementor-accordion-icon-opened\"><i class=\"fas fa-minus\"><\/i><\/span>\n\t\t\t\t\t\t\t\t\t\t\t\t\t\t<\/span>\n\t\t\t\t\t\t\t\t\t\t\t\t<a class=\"elementor-accordion-title\" href=\"\">POL\u00cdTICAS DE USO Y DOCUMENTACI\u00d3N<\/a>\n\t\t\t\t\t<\/div>\n\t\t\t\t\t<div id=\"elementor-tab-content-4601\" class=\"elementor-tab-content elementor-clearfix\" data-tab=\"1\" role=\"tabpanel\" aria-labelledby=\"elementor-tab-title-4601\"><p><a href=\"https:\/\/eu.ezinvest.com\/wp-content\/uploads\/2021\/10\/Terms_and_conditions.pdf\" target=\"_blank\" rel=\"noopener\">T\u00e9rminos y Condiciones &gt;<\/a><br \/><a href=\"https:\/\/eu.ezinvest.com\/wp-content\/uploads\/2021\/10\/risk_disclosure_EZInvest-1.pdf\" target=\"_blank\" rel=\"noopener\">Divulgaci\u00f3n de riesgos &gt;<\/a><br \/><a href=\"https:\/\/eu.ezinvest.com\/policies\/policies-documentation\/INVESTOR_COMPENSATION_FUND.pdf\">Fondo de compensaci\u00f3n de inversores &gt;<\/a><br \/><a href=\"https:\/\/eu.ezinvest.com\/wp-content\/uploads\/2022\/11\/Policy_Conflicts_of_Interest.pdf\">Pol\u00edtica de conflictos de interes &gt;<\/a><br \/><a href=\"https:\/\/eu.ezinvest.com\/wp-content\/uploads\/2021\/10\/WGM_Execution_Quality_Summary_Statement_2020_EZ.pdf\" target=\"_blank\" rel=\"noopener\">Pol\u00edticas de ejecuci\u00f3n &gt;<\/a><br \/><a href=\"https:\/\/eu.ezinvest.com\/policies\/policies-documentation\/EZInvest_Complaint_Policy_EN.pdf\">Pol\u00edtica de Quejas &gt;<\/a><br \/><a href=\"https:\/\/eu.ezinvest.com\/wp-content\/uploads\/2022\/11\/EZInvest_Leverage_Policy.pdf\">Pol\u00edtica de apalancamiento y margen &gt;<\/a><br \/><a href=\"https:\/\/eu.ezinvest.com\/policies\/policies-documentation\/WGM_Client_Categorisation.pdf\">Categorizaci\u00f3n de clientes &gt;<\/a><br \/><a href=\"https:\/\/eu.ezinvest.com\/wp-content\/uploads\/2025\/05\/WGM_Market_Disclosures_2024.pdf\">Pilar III 2024 &gt;<\/a><br \/><a href=\"https:\/\/eu.ezinvest.com\/wp-content\/uploads\/2021\/10\/EZ-Risks-Related-to-Trading-CFDs-in-Cryptocurrencies-v1.3.pdf\" target=\"_blank\" rel=\"noopener\">Divulgaci\u00f3n de riesgos relacionados con las criptomonedas &gt;<\/a><br \/><a href=\"https:\/\/eu.ezinvest.com\/policies\/policies-documentation\/EZInvest_privacy_policy.pdf\">Pol\u00edtica de privacidad &gt;<\/a><br \/><a href=\"https:\/\/eu.ezinvest.com\/wp-content\/uploads\/2021\/10\/EZInvest_Corporate_Governance.pdf\" target=\"_blank\" rel=\"noopener\">Gobierno Corporativo de WGM &gt;<\/a><br \/><a href=\"https:\/\/eu.ezinvest.com\/wp-content\/uploads\/2021\/10\/EZInvest_cookies_policy.pdf\" target=\"_blank\" rel=\"noopener\">Pol\u00edtica de Cookies &gt;<\/a><br \/><a href=\"https:\/\/eu.ezinvest.com\/policies\/policies-documentation\/WGM_Refund_Cancellation_policy.pdf\">Pol\u00edtica de reembolso y cancelaci\u00f3n de WGM &gt;<\/a><\/p><\/div>\n\t\t\t\t<\/div>\n\t\t\t\t\t\t\t<div class=\"elementor-accordion-item\">\n\t\t\t\t\t<div id=\"elementor-tab-title-4602\" class=\"elementor-tab-title\" data-tab=\"2\" role=\"tab\" aria-controls=\"elementor-tab-content-4602\" aria-expanded=\"false\">\n\t\t\t\t\t\t\t\t\t\t\t\t\t<span class=\"elementor-accordion-icon elementor-accordion-icon-left\" aria-hidden=\"true\">\n\t\t\t\t\t\t\t\t\t\t\t\t\t\t\t<span class=\"elementor-accordion-icon-closed\"><i class=\"fas fa-plus\"><\/i><\/span>\n\t\t\t\t\t\t\t\t<span class=\"elementor-accordion-icon-opened\"><i class=\"fas fa-minus\"><\/i><\/span>\n\t\t\t\t\t\t\t\t\t\t\t\t\t\t<\/span>\n\t\t\t\t\t\t\t\t\t\t\t\t<a class=\"elementor-accordion-title\" href=\"\">KIT DE PRODUCTO <\/a>\n\t\t\t\t\t<\/div>\n\t\t\t\t\t<div id=\"elementor-tab-content-4602\" class=\"elementor-tab-content elementor-clearfix\" data-tab=\"2\" role=\"tabpanel\" aria-labelledby=\"elementor-tab-title-4602\"><p><a href=\"https:\/\/eu.ezinvest.com\/wp-content\/uploads\/2024\/04\/KID_Forex_KID_ESP.pdf\" target=\"_blank\" rel=\"noopener\">Div\u00edsas &gt;<\/a><br \/><a href=\"https:\/\/eu.ezinvest.com\/wp-content\/uploads\/2024\/04\/KID_Indices_KID_ESP.pdf\" target=\"_blank\" rel=\"noopener\">\u00cdndices &gt;<\/a><br \/><a href=\"https:\/\/eu.ezinvest.com\/wp-content\/uploads\/2024\/04\/KID_Stocks_KID_ESP.pdf\" target=\"_blank\" rel=\"noopener\">Acciones &gt;<\/a><br \/><a href=\"https:\/\/eu.ezinvest.com\/wp-content\/uploads\/2024\/04\/KID_CRYPTO_KID_ESP.pdf\" target=\"_blank\" rel=\"noopener\">Criptomonedas &gt;<\/a><br \/><a href=\"https:\/\/eu.ezinvest.com\/wp-content\/uploads\/2024\/04\/KID_-Commodity_KID_ESP.pdf\" target=\"_blank\" rel=\"noopener\">Materias primas &gt;<\/a><\/p><\/div>\n\t\t\t\t<\/div>\n\t\t\t\t\t\t\t<div class=\"elementor-accordion-item\">\n\t\t\t\t\t<div id=\"elementor-tab-title-4603\" class=\"elementor-tab-title\" data-tab=\"3\" role=\"tab\" aria-controls=\"elementor-tab-content-4603\" aria-expanded=\"false\">\n\t\t\t\t\t\t\t\t\t\t\t\t\t<span class=\"elementor-accordion-icon elementor-accordion-icon-left\" aria-hidden=\"true\">\n\t\t\t\t\t\t\t\t\t\t\t\t\t\t\t<span class=\"elementor-accordion-icon-closed\"><i class=\"fas fa-plus\"><\/i><\/span>\n\t\t\t\t\t\t\t\t<span class=\"elementor-accordion-icon-opened\"><i class=\"fas fa-minus\"><\/i><\/span>\n\t\t\t\t\t\t\t\t\t\t\t\t\t\t<\/span>\n\t\t\t\t\t\t\t\t\t\t\t\t<a class=\"elementor-accordion-title\" href=\"\">RTS 27 FORMS<\/a>\n\t\t\t\t\t<\/div>\n\t\t\t\t\t<div id=\"elementor-tab-content-4603\" class=\"elementor-tab-content elementor-clearfix\" data-tab=\"3\" role=\"tabpanel\" aria-labelledby=\"elementor-tab-title-4603\"><p><a href=\"https:\/\/eu.ezinvest.com\/policies\/rts-27-Formularios\/WGM_RTS27.xlsx\">RTS 27 Formulario &#8211; Q3 2018 &gt;<\/a><\/p><p><a href=\"https:\/\/eu.ezinvest.com\/policies\/rts-27-Formularios\/RTS27_Q4_2018.xlsx\">RTS 27 Formulario &#8211; Q4 2018 &gt;<\/a><\/p><p><a href=\"https:\/\/eu.ezinvest.com\/policies\/rts-27-Formularios\/RTS27_Q1_2019.xlsx\">RTS 27 Formulario &#8211; Q1 2019 &gt;<\/a><\/p><p><a href=\"https:\/\/eu.ezinvest.com\/policies\/rts-27-Formularios\/RTS27_Q2_2019.xlsx\">RTS 27 Formulario &#8211; Q2 2019 &gt;<\/a><\/p><p><a href=\"https:\/\/eu.ezinvest.com\/policies\/rts-27-Formularios\/RTS27_Q3_2019.xlsx\">RTS 27 Formulario &#8211; Q3 2019 &gt;<\/a><\/p><p><a href=\"https:\/\/eu.ezinvest.com\/policies\/rts-27-Formularios\/RTS_Q4_2019.xlsx\">RTS 27 Formulario &#8211; Q4 2019 &gt;<\/a><\/p><p><a href=\"https:\/\/eu.ezinvest.com\/policies\/rts-27-Formularios\/RTS-Q1-2020.xlsx\">RTS 27 Formulario &#8211; Q1 2020 &gt;<\/a><\/p><p><a href=\"https:\/\/eu.ezinvest.com\/policies\/rts-27-Formularios\/RTS-Q2-2020.xlsx\">RTS 27 Formulario &#8211; Q2 2020 &gt;<\/a><\/p><p><a href=\"https:\/\/eu.ezinvest.com\/policies\/rts-27-Formularios\/RTS_2020_Q3.xlsx\">RTS 27 Formulario &#8211; Q3 2020 &gt;<\/a><\/p><p><a href=\"https:\/\/eu.ezinvest.com\/policies\/rts-27-Formularios\/RTS_2020_Q4.xlsx\">RTS 27 Formulario &#8211; Q4 2020 &gt;<\/a><\/p><p><a href=\"https:\/\/eu.ezinvest.com\/wp-content\/uploads\/2021\/10\/RTS-27_Q1_2021.xlsx\">RTS 27 Formulario &#8211; Q1 2021 &gt;<\/a><br \/><a href=\"https:\/\/eu.ezinvest.com\/wp-content\/uploads\/2021\/10\/RTS_27_Q2_2021.xlsx\">RTS 27 Formulario &#8211; Q2 2021 &gt;<\/a><\/p><p><a href=\"https:\/\/eu.ezinvest.com\/wp-content\/uploads\/2021\/10\/RTS-27_Q3_2021.xlsx\">RTS 27 Formulario &#8211; Q3 2021 &gt;<\/a><\/p><p><a href=\"https:\/\/eu.ezinvest.com\/wp-content\/uploads\/2022\/01\/RTS-27-Q4-2021.xlsx\">RTS 27 Formulario &#8211; Q4 2021 &gt;<\/a><\/p><p><a href=\"https:\/\/eu.ezinvest.com\/wp-content\/uploads\/2022\/10\/RTS-27-Q1-2022.xlsx\">RTS 27 Formulario &#8211; Q1 2022 &gt;<\/a><\/p><p><a href=\"https:\/\/eu.ezinvest.com\/wp-content\/uploads\/2022\/10\/RTS-27-Q2-2022.xlsx\">RTS 27 Formulario &#8211; Q2 2022 &gt;<\/a><\/p><p><a href=\"https:\/\/eu.ezinvest.com\/wp-content\/uploads\/2022\/10\/RTS-27-Q3-2022.xlsx\">RTS 27 Formulario &#8211; Q3 2022 &gt;<\/a><\/p><\/div>\n\t\t\t\t<\/div>\n\t\t\t\t\t\t\t\t<\/div>\n\t\t\t\t<\/div>\n\t\t\t\t<\/div>\n\t\t\t\t\t<\/div>\n\t\t<\/div>\n\t\t\t\t\t\t\t<\/div>\n\t\t<\/section>\n\t\t\t\t\t\t\t<\/div>\n\t\t","protected":false},"excerpt":{"rendered":"<p>REGLAMENTO POL\u00cdTICAS DE USO POL\u00cdTICAS DE USO POL\u00cdTICAS DE USO Y DOCUMENTACI\u00d3N T\u00e9rminos y Condiciones &gt;Divulgaci\u00f3n de riesgos &gt;Fondo de compensaci\u00f3n de inversores &gt;Pol\u00edtica de conflictos de interes &gt;Pol\u00edticas de ejecuci\u00f3n &gt;Pol\u00edtica de Quejas &gt;Pol\u00edtica de apalancamiento y margen &gt;Categorizaci\u00f3n de clientes &gt;Pilar III 2024 &gt;Divulgaci\u00f3n de riesgos relacionados con las criptomonedas &gt;Pol\u00edtica de privacidad [&hellip;]<\/p>\n","protected":false},"author":1,"featured_media":0,"parent":4639,"menu_order":0,"comment_status":"closed","ping_status":"closed","template":"elementor_header_footer","meta":{"footnotes":""},"class_list":["post-4649","page","type-page","status-publish","hentry"],"yoast_head":"<!-- This site is optimized with the Yoast SEO plugin v17.0 - https:\/\/yoast.com\/wordpress\/plugins\/seo\/ -->\n<title>POL\u00cdTICAS DE USO - EZinvest<\/title>\n<meta name=\"robots\" content=\"index, follow, max-snippet:-1, max-image-preview:large, max-video-preview:-1\" \/>\n<link rel=\"canonical\" href=\"https:\/\/eu.ezinvest.com\/es\/regulation\/policies\/\" \/>\n<meta property=\"og:locale\" content=\"es_ES\" \/>\n<meta property=\"og:type\" content=\"article\" \/>\n<meta property=\"og:title\" content=\"POL\u00cdTICAS DE USO - EZinvest\" \/>\n<meta property=\"og:description\" content=\"REGLAMENTO POL\u00cdTICAS DE USO POL\u00cdTICAS DE USO POL\u00cdTICAS DE USO Y DOCUMENTACI\u00d3N T\u00e9rminos y Condiciones &gt;Divulgaci\u00f3n de riesgos &gt;Fondo de compensaci\u00f3n de inversores &gt;Pol\u00edtica de conflictos de interes &gt;Pol\u00edticas de ejecuci\u00f3n &gt;Pol\u00edtica de Quejas &gt;Pol\u00edtica de apalancamiento y margen &gt;Categorizaci\u00f3n de clientes &gt;Pilar III 2024 &gt;Divulgaci\u00f3n de riesgos relacionados con las criptomonedas &gt;Pol\u00edtica de privacidad [&hellip;]\" \/>\n<meta property=\"og:url\" content=\"https:\/\/eu.ezinvest.com\/es\/regulation\/policies\/\" \/>\n<meta property=\"og:site_name\" content=\"EZinvest\" \/>\n<meta property=\"article:modified_time\" content=\"2025-05-02T07:26:22+00:00\" \/>\n<meta name=\"twitter:card\" content=\"summary_large_image\" \/>\n<meta name=\"twitter:label1\" content=\"Est. reading time\" \/>\n\t<meta name=\"twitter:data1\" content=\"1 minuto\" \/>\n<script type=\"application\/ld+json\" class=\"yoast-schema-graph\">{\"@context\":\"https:\/\/schema.org\",\"@graph\":[{\"@type\":\"WebSite\",\"@id\":\"https:\/\/eu.ezinvest.com\/#website\",\"url\":\"https:\/\/eu.ezinvest.com\/\",\"name\":\"EZinvest\",\"description\":\"\",\"potentialAction\":[{\"@type\":\"SearchAction\",\"target\":{\"@type\":\"EntryPoint\",\"urlTemplate\":\"https:\/\/eu.ezinvest.com\/?s={search_term_string}\"},\"query-input\":\"required name=search_term_string\"}],\"inLanguage\":\"es\"},{\"@type\":\"WebPage\",\"@id\":\"https:\/\/eu.ezinvest.com\/es\/regulation\/policies\/#webpage\",\"url\":\"https:\/\/eu.ezinvest.com\/es\/regulation\/policies\/\",\"name\":\"POL\\u00cdTICAS DE USO - EZinvest\",\"isPartOf\":{\"@id\":\"https:\/\/eu.ezinvest.com\/#website\"},\"datePublished\":\"2021-09-13T09:05:57+00:00\",\"dateModified\":\"2025-05-02T07:26:22+00:00\",\"breadcrumb\":{\"@id\":\"https:\/\/eu.ezinvest.com\/es\/regulation\/policies\/#breadcrumb\"},\"inLanguage\":\"es\",\"potentialAction\":[{\"@type\":\"ReadAction\",\"target\":[\"https:\/\/eu.ezinvest.com\/es\/regulation\/policies\/\"]}]},{\"@type\":\"BreadcrumbList\",\"@id\":\"https:\/\/eu.ezinvest.com\/es\/regulation\/policies\/#breadcrumb\",\"itemListElement\":[{\"@type\":\"ListItem\",\"position\":1,\"name\":\"Home\",\"item\":\"https:\/\/eu.ezinvest.com\/es\/\"},{\"@type\":\"ListItem\",\"position\":2,\"name\":\"REGLAMENTO\",\"item\":\"https:\/\/eu.ezinvest.com\/es\/regulation\/\"},{\"@type\":\"ListItem\",\"position\":3,\"name\":\"POL\\u00cdTICAS DE USO\"}]}]}<\/script>\n<!-- \/ Yoast SEO plugin. -->","yoast_head_json":{"title":"POL\u00cdTICAS DE USO - EZinvest","robots":{"index":"index","follow":"follow","max-snippet":"max-snippet:-1","max-image-preview":"max-image-preview:large","max-video-preview":"max-video-preview:-1"},"canonical":"https:\/\/eu.ezinvest.com\/es\/regulation\/policies\/","og_locale":"es_ES","og_type":"article","og_title":"POL\u00cdTICAS DE USO - EZinvest","og_description":"REGLAMENTO POL\u00cdTICAS DE USO POL\u00cdTICAS DE USO POL\u00cdTICAS DE USO Y DOCUMENTACI\u00d3N T\u00e9rminos y Condiciones &gt;Divulgaci\u00f3n de riesgos &gt;Fondo de compensaci\u00f3n de inversores &gt;Pol\u00edtica de conflictos de interes &gt;Pol\u00edticas de ejecuci\u00f3n &gt;Pol\u00edtica de Quejas &gt;Pol\u00edtica de apalancamiento y margen &gt;Categorizaci\u00f3n de clientes &gt;Pilar III 2024 &gt;Divulgaci\u00f3n de riesgos relacionados con las criptomonedas &gt;Pol\u00edtica de privacidad [&hellip;]","og_url":"https:\/\/eu.ezinvest.com\/es\/regulation\/policies\/","og_site_name":"EZinvest","article_modified_time":"2025-05-02T07:26:22+00:00","twitter_card":"summary_large_image","twitter_misc":{"Est. reading time":"1 minuto"},"schema":{"@context":"https:\/\/schema.org","@graph":[{"@type":"WebSite","@id":"https:\/\/eu.ezinvest.com\/#website","url":"https:\/\/eu.ezinvest.com\/","name":"EZinvest","description":"","potentialAction":[{"@type":"SearchAction","target":{"@type":"EntryPoint","urlTemplate":"https:\/\/eu.ezinvest.com\/?s={search_term_string}"},"query-input":"required name=search_term_string"}],"inLanguage":"es"},{"@type":"WebPage","@id":"https:\/\/eu.ezinvest.com\/es\/regulation\/policies\/#webpage","url":"https:\/\/eu.ezinvest.com\/es\/regulation\/policies\/","name":"POL\u00cdTICAS DE USO - EZinvest","isPartOf":{"@id":"https:\/\/eu.ezinvest.com\/#website"},"datePublished":"2021-09-13T09:05:57+00:00","dateModified":"2025-05-02T07:26:22+00:00","breadcrumb":{"@id":"https:\/\/eu.ezinvest.com\/es\/regulation\/policies\/#breadcrumb"},"inLanguage":"es","potentialAction":[{"@type":"ReadAction","target":["https:\/\/eu.ezinvest.com\/es\/regulation\/policies\/"]}]},{"@type":"BreadcrumbList","@id":"https:\/\/eu.ezinvest.com\/es\/regulation\/policies\/#breadcrumb","itemListElement":[{"@type":"ListItem","position":1,"name":"Home","item":"https:\/\/eu.ezinvest.com\/es\/"},{"@type":"ListItem","position":2,"name":"REGLAMENTO","item":"https:\/\/eu.ezinvest.com\/es\/regulation\/"},{"@type":"ListItem","position":3,"name":"POL\u00cdTICAS DE USO"}]}]}},"_links":{"self":[{"href":"https:\/\/eu.ezinvest.com\/es\/wp-json\/wp\/v2\/pages\/4649","targetHints":{"allow":["GET"]}}],"collection":[{"href":"https:\/\/eu.ezinvest.com\/es\/wp-json\/wp\/v2\/pages"}],"about":[{"href":"https:\/\/eu.ezinvest.com\/es\/wp-json\/wp\/v2\/types\/page"}],"author":[{"embeddable":true,"href":"https:\/\/eu.ezinvest.com\/es\/wp-json\/wp\/v2\/users\/1"}],"replies":[{"embeddable":true,"href":"https:\/\/eu.ezinvest.com\/es\/wp-json\/wp\/v2\/comments?post=4649"}],"version-history":[{"count":43,"href":"https:\/\/eu.ezinvest.com\/es\/wp-json\/wp\/v2\/pages\/4649\/revisions"}],"predecessor-version":[{"id":12075,"href":"https:\/\/eu.ezinvest.com\/es\/wp-json\/wp\/v2\/pages\/4649\/revisions\/12075"}],"up":[{"embeddable":true,"href":"https:\/\/eu.ezinvest.com\/es\/wp-json\/wp\/v2\/pages\/4639"}],"wp:attachment":[{"href":"https:\/\/eu.ezinvest.com\/es\/wp-json\/wp\/v2\/media?parent=4649"}],"curies":[{"name":"wp","href":"https:\/\/api.w.org\/{rel}","templated":true}]}}