{"id":4030,"date":"2021-09-01T08:39:25","date_gmt":"2021-09-01T08:39:25","guid":{"rendered":"https:\/\/eu.ezinvest.com\/trading\/safety-of-funds\/"},"modified":"2022-01-06T12:42:00","modified_gmt":"2022-01-06T12:42:00","slug":"safety-of-funds","status":"publish","type":"page","link":"https:\/\/eu.ezinvest.com\/fr\/trading\/safety-of-funds\/","title":{"rendered":"S\u00c9CURIT\u00c9 DES FONDS"},"content":{"rendered":"\t\t<div data-elementor-type=\"wp-page\" data-elementor-id=\"4030\" class=\"elementor elementor-4030 elementor-690\">\n\t\t\t\t\t\t\t\t\t<section class=\"ob-is-breaking-bad elementor-section elementor-top-section elementor-element elementor-element-6a70dd22 elementor-section-content-middle elementor-section-boxed elementor-section-height-default elementor-section-height-default\" data-id=\"6a70dd22\" data-element_type=\"section\" data-settings=\"{&quot;background_background&quot;:&quot;classic&quot;,&quot;_ob_bbad_use_it&quot;:&quot;yes&quot;,&quot;_ob_bbad_sssic_use&quot;:&quot;no&quot;,&quot;_ob_glider_is_slider&quot;:&quot;no&quot;}\">\n\t\t\t\t\t\t<div class=\"elementor-container elementor-column-gap-default\">\n\t\t\t\t\t<div class=\"elementor-column elementor-col-66 elementor-top-column elementor-element elementor-element-72d478db\" data-id=\"72d478db\" data-element_type=\"column\" data-settings=\"{&quot;_ob_bbad_is_stalker&quot;:&quot;no&quot;,&quot;_ob_teleporter_use&quot;:false,&quot;_ob_column_hoveranimator&quot;:&quot;no&quot;,&quot;_ob_column_has_pseudo&quot;:&quot;no&quot;}\">\n\t\t\t<div class=\"elementor-widget-wrap elementor-element-populated\">\n\t\t\t\t\t\t\t\t<div class=\"elementor-element elementor-element-b65b0e6 ob-harakiri-inherit ob-has-background-overlay elementor-widget elementor-widget-heading\" data-id=\"b65b0e6\" data-element_type=\"widget\" data-settings=\"{&quot;_ob_use_harakiri&quot;:&quot;yes&quot;,&quot;_ob_harakiri_writing_mode&quot;:&quot;inherit&quot;,&quot;_ob_harakiri_text_clip&quot;:&quot;none&quot;,&quot;_ob_perspektive_use&quot;:&quot;no&quot;,&quot;_ob_poopart_use&quot;:&quot;yes&quot;,&quot;_ob_shadough_use&quot;:&quot;no&quot;,&quot;_ob_allow_hoveranimator&quot;:&quot;no&quot;,&quot;_ob_widget_stalker_use&quot;:&quot;no&quot;}\" data-widget_type=\"heading.default\">\n\t\t\t\t<div class=\"elementor-widget-container\">\n\t\t\t<style>\/*! elementor - v3.12.1 - 02-04-2023 *\/\n.elementor-heading-title{padding:0;margin:0;line-height:1}.elementor-widget-heading .elementor-heading-title[class*=elementor-size-]>a{color:inherit;font-size:inherit;line-height:inherit}.elementor-widget-heading .elementor-heading-title.elementor-size-small{font-size:15px}.elementor-widget-heading .elementor-heading-title.elementor-size-medium{font-size:19px}.elementor-widget-heading .elementor-heading-title.elementor-size-large{font-size:29px}.elementor-widget-heading .elementor-heading-title.elementor-size-xl{font-size:39px}.elementor-widget-heading .elementor-heading-title.elementor-size-xxl{font-size:59px}<\/style><h1 class=\"elementor-heading-title elementor-size-default\">S\u00c9CURIT\u00c9 DES FONDS<\/h1>\t\t<\/div>\n\t\t\t\t<\/div>\n\t\t\t\t<div class=\"elementor-element elementor-element-2088e9e8 ob-harakiri-inherit ob-has-background-overlay elementor-widget elementor-widget-heading\" data-id=\"2088e9e8\" data-element_type=\"widget\" data-settings=\"{&quot;_ob_use_harakiri&quot;:&quot;yes&quot;,&quot;_ob_harakiri_writing_mode&quot;:&quot;inherit&quot;,&quot;_ob_harakiri_text_clip&quot;:&quot;none&quot;,&quot;_ob_perspektive_use&quot;:&quot;no&quot;,&quot;_ob_poopart_use&quot;:&quot;yes&quot;,&quot;_ob_shadough_use&quot;:&quot;no&quot;,&quot;_ob_allow_hoveranimator&quot;:&quot;no&quot;,&quot;_ob_widget_stalker_use&quot;:&quot;no&quot;}\" data-widget_type=\"heading.default\">\n\t\t\t\t<div class=\"elementor-widget-container\">\n\t\t\t<h2 class=\"elementor-heading-title elementor-size-default\">NOTRE PRIORIT\u00c9 PREMIERE<\/h2>\t\t<\/div>\n\t\t\t\t<\/div>\n\t\t\t\t\t<\/div>\n\t\t<\/div>\n\t\t\t\t<div class=\"elementor-column elementor-col-33 elementor-top-column elementor-element elementor-element-67314b7d\" data-id=\"67314b7d\" data-element_type=\"column\" data-settings=\"{&quot;_ob_bbad_is_stalker&quot;:&quot;no&quot;,&quot;_ob_teleporter_use&quot;:false,&quot;_ob_column_hoveranimator&quot;:&quot;no&quot;,&quot;_ob_column_has_pseudo&quot;:&quot;no&quot;}\">\n\t\t\t<div class=\"elementor-widget-wrap elementor-element-populated\">\n\t\t\t\t\t\t\t\t<div class=\"elementor-element elementor-element-3ff892f9 elementor-align-center ob-has-background-overlay elementor-widget elementor-widget-breadcrumbs\" data-id=\"3ff892f9\" data-element_type=\"widget\" data-settings=\"{&quot;_ob_perspektive_use&quot;:&quot;no&quot;,&quot;_ob_poopart_use&quot;:&quot;yes&quot;,&quot;_ob_shadough_use&quot;:&quot;no&quot;,&quot;_ob_allow_hoveranimator&quot;:&quot;no&quot;,&quot;_ob_widget_stalker_use&quot;:&quot;no&quot;}\" data-widget_type=\"breadcrumbs.default\">\n\t\t\t\t<div class=\"elementor-widget-container\">\n\t\t\t<link rel=\"stylesheet\" href=\"https:\/\/eu.ezinvest.com\/wp-content\/plugins\/elementor-pro\/assets\/css\/widget-theme-elements.min.css\"><p id=\"breadcrumbs\"><span><span><a href=\"https:\/\/eu.ezinvest.com\/fr\/\">Home<\/a><\/span><\/p>\t\t<\/div>\n\t\t\t\t<\/div>\n\t\t\t\t\t<\/div>\n\t\t<\/div>\n\t\t\t\t\t\t\t<\/div>\n\t\t<\/section>\n\t\t\t\t<section class=\"ob-is-breaking-bad elementor-section elementor-top-section elementor-element elementor-element-c19e90c elementor-section-content-middle elementor-section-boxed elementor-section-height-default elementor-section-height-default\" data-id=\"c19e90c\" data-element_type=\"section\" data-settings=\"{&quot;_ob_bbad_use_it&quot;:&quot;yes&quot;,&quot;_ob_bbad_sssic_use&quot;:&quot;no&quot;,&quot;_ob_glider_is_slider&quot;:&quot;no&quot;}\">\n\t\t\t\t\t\t<div class=\"elementor-container elementor-column-gap-wider\">\n\t\t\t\t\t<div class=\"elementor-column elementor-col-50 elementor-top-column elementor-element elementor-element-c055286\" data-id=\"c055286\" data-element_type=\"column\" data-settings=\"{&quot;_ob_bbad_is_stalker&quot;:&quot;no&quot;,&quot;_ob_teleporter_use&quot;:false,&quot;_ob_column_hoveranimator&quot;:&quot;no&quot;,&quot;_ob_column_has_pseudo&quot;:&quot;no&quot;}\">\n\t\t\t<div class=\"elementor-widget-wrap elementor-element-populated\">\n\t\t\t\t\t\t\t\t<div class=\"elementor-element elementor-element-1484912 ob-harakiri-inherit ob-has-background-overlay elementor-widget elementor-widget-heading\" data-id=\"1484912\" data-element_type=\"widget\" data-settings=\"{&quot;_ob_use_harakiri&quot;:&quot;yes&quot;,&quot;_ob_harakiri_writing_mode&quot;:&quot;inherit&quot;,&quot;_ob_harakiri_text_clip&quot;:&quot;none&quot;,&quot;_ob_perspektive_use&quot;:&quot;no&quot;,&quot;_ob_poopart_use&quot;:&quot;yes&quot;,&quot;_ob_shadough_use&quot;:&quot;no&quot;,&quot;_ob_allow_hoveranimator&quot;:&quot;no&quot;,&quot;_ob_widget_stalker_use&quot;:&quot;no&quot;}\" data-widget_type=\"heading.default\">\n\t\t\t\t<div class=\"elementor-widget-container\">\n\t\t\t<h6 class=\"elementor-heading-title elementor-size-default\">Facile et s\u00e9curis\u00e9<\/h6>\t\t<\/div>\n\t\t\t\t<\/div>\n\t\t\t\t<div class=\"elementor-element elementor-element-3193499 ob-harakiri-inherit ob-has-background-overlay elementor-widget elementor-widget-heading\" data-id=\"3193499\" data-element_type=\"widget\" data-settings=\"{&quot;_ob_use_harakiri&quot;:&quot;yes&quot;,&quot;_ob_harakiri_writing_mode&quot;:&quot;inherit&quot;,&quot;_ob_harakiri_text_clip&quot;:&quot;none&quot;,&quot;_ob_perspektive_use&quot;:&quot;no&quot;,&quot;_ob_poopart_use&quot;:&quot;yes&quot;,&quot;_ob_shadough_use&quot;:&quot;no&quot;,&quot;_ob_allow_hoveranimator&quot;:&quot;no&quot;,&quot;_ob_widget_stalker_use&quot;:&quot;no&quot;}\" data-widget_type=\"heading.default\">\n\t\t\t\t<div class=\"elementor-widget-container\">\n\t\t\t<h3 class=\"elementor-heading-title elementor-size-default\">Protection des clients<\/h3>\t\t<\/div>\n\t\t\t\t<\/div>\n\t\t\t\t<div class=\"elementor-element elementor-element-911142a ob-harakiri-inherit ob-has-background-overlay elementor-widget elementor-widget-text-editor\" data-id=\"911142a\" data-element_type=\"widget\" data-settings=\"{&quot;_ob_use_harakiri&quot;:&quot;yes&quot;,&quot;_ob_harakiri_writing_mode&quot;:&quot;inherit&quot;,&quot;_ob_postman_use&quot;:&quot;no&quot;,&quot;_ob_perspektive_use&quot;:&quot;no&quot;,&quot;_ob_poopart_use&quot;:&quot;yes&quot;,&quot;_ob_shadough_use&quot;:&quot;no&quot;,&quot;_ob_allow_hoveranimator&quot;:&quot;no&quot;,&quot;_ob_widget_stalker_use&quot;:&quot;no&quot;}\" data-widget_type=\"text-editor.default\">\n\t\t\t\t<div class=\"elementor-widget-container\">\n\t\t\t<style>\/*! elementor - v3.12.1 - 02-04-2023 *\/\n.elementor-widget-text-editor.elementor-drop-cap-view-stacked .elementor-drop-cap{background-color:#69727d;color:#fff}.elementor-widget-text-editor.elementor-drop-cap-view-framed .elementor-drop-cap{color:#69727d;border:3px solid;background-color:transparent}.elementor-widget-text-editor:not(.elementor-drop-cap-view-default) .elementor-drop-cap{margin-top:8px}.elementor-widget-text-editor:not(.elementor-drop-cap-view-default) .elementor-drop-cap-letter{width:1em;height:1em}.elementor-widget-text-editor .elementor-drop-cap{float:left;text-align:center;line-height:1;font-size:50px}.elementor-widget-text-editor .elementor-drop-cap-letter{display:inline-block}<\/style>\t\t\t\t<p>D\u00e9poser des fonds sur votre compte de trading EZInvest est facile et s\u00e9curis\u00e9 en choisissant parmi nos m\u00e9thodes de d\u00e9p\u00f4t via des cartes de cr\u00e9dit telles que Visa et MasterCard (nous n\u2019acceptons pas American Express pour le moment), et par virement bancaire. Cliquez simplement sur la m\u00e9thode de d\u00e9p\u00f4t de votre choix pour commencer.<\/p><p>EZInvest est le nom commercial de WGM Services Ltd, une soci\u00e9t\u00e9 de services financiers soumise \u00e0 la r\u00e9glementation et \u00e0 la supervision de la Cyprus Securities Exchange Commission (CySEC) sous le num\u00e9ro de licence 203\/13. Les bureaux de WGM Services Ltd sont situ\u00e9s au 11, Vizantiou, 4th Floor, Strovolos 2064, Nicosie, Chypre.<\/p><p>Nous consid\u00e9rons que la s\u00e9curit\u00e9 et la s\u00fbret\u00e9 des fonds de nos clients est notre plus importante priorit\u00e9. Chez EZInvest, les fonds de nos clients sont d\u00e9tenus dans un compte s\u00e9par\u00e9 des comptes de l\u2019entreprise dans des institutions bancaires europ\u00e9ennes r\u00e9put\u00e9es. Nous prenons toutes les mesures n\u00e9cessaires pour nous assurer que tous les d\u00e9p\u00f4ts effectu\u00e9s chez EZInvest sont enti\u00e8rement s\u00e9curis\u00e9s de toutes les mani\u00e8res possibles.<\/p><p>De plus, chez EZInvest, les fonds des clients ne sont pas accessibles sans l\u2019autorisation du client pour d\u2019autres raisons que celles pour lesquelles nous avons l\u2019autorisation. Nous adh\u00e9rons \u00e0 appliquer strictement la r\u00e9glementation anti-blanchiment d\u2019argent chez EZInvest.<\/p>\t\t\t\t\t\t<\/div>\n\t\t\t\t<\/div>\n\t\t\t\t\t<\/div>\n\t\t<\/div>\n\t\t\t\t<div class=\"elementor-column elementor-col-50 elementor-top-column elementor-element elementor-element-3c1b987\" data-id=\"3c1b987\" data-element_type=\"column\" data-settings=\"{&quot;_ob_bbad_is_stalker&quot;:&quot;no&quot;,&quot;_ob_teleporter_use&quot;:false,&quot;_ob_column_hoveranimator&quot;:&quot;no&quot;,&quot;_ob_column_has_pseudo&quot;:&quot;no&quot;}\">\n\t\t\t<div class=\"elementor-widget-wrap elementor-element-populated\">\n\t\t\t\t\t\t\t\t<div class=\"elementor-element elementor-element-4a6ac47 ob-has-background-overlay elementor-widget elementor-widget-image\" data-id=\"4a6ac47\" data-element_type=\"widget\" data-settings=\"{&quot;_ob_photomorph_use&quot;:&quot;no&quot;,&quot;_ob_perspektive_use&quot;:&quot;no&quot;,&quot;_ob_poopart_use&quot;:&quot;yes&quot;,&quot;_ob_shadough_use&quot;:&quot;no&quot;,&quot;_ob_allow_hoveranimator&quot;:&quot;no&quot;,&quot;_ob_widget_stalker_use&quot;:&quot;no&quot;}\" data-widget_type=\"image.default\">\n\t\t\t\t<div class=\"elementor-widget-container\">\n\t\t\t<style>\/*! elementor - v3.12.1 - 02-04-2023 *\/\n.elementor-widget-image{text-align:center}.elementor-widget-image a{display:inline-block}.elementor-widget-image a img[src$=\".svg\"]{width:48px}.elementor-widget-image img{vertical-align:middle;display:inline-block}<\/style>\t\t\t\t\t\t\t\t\t\t\t\t<img decoding=\"async\" src=\"https:\/\/eu.ezinvest.com\/wp-content\/uploads\/elementor\/thumbs\/trading-safety-1-pcgu2qhck0utuvsx1r2p6xd3rwbji522p2oahht7gg.jpg\" title=\"trading-safety-1\" alt=\"trading-safety-1\" loading=\"lazy\" \/>\t\t\t\t\t\t\t\t\t\t\t\t\t\t\t<\/div>\n\t\t\t\t<\/div>\n\t\t\t\t\t<\/div>\n\t\t<\/div>\n\t\t\t\t\t\t\t<\/div>\n\t\t<\/section>\n\t\t\t\t\t\t\t<\/div>\n\t\t","protected":false},"excerpt":{"rendered":"<p>S\u00c9CURIT\u00c9 DES FONDS NOTRE PRIORIT\u00c9 PREMIERE Facile et s\u00e9curis\u00e9 Protection des clients D\u00e9poser des fonds sur votre compte de trading EZInvest est facile et s\u00e9curis\u00e9 en choisissant parmi nos m\u00e9thodes de d\u00e9p\u00f4t via des cartes de cr\u00e9dit telles que Visa et MasterCard (nous n\u2019acceptons pas American Express pour le moment), et par virement bancaire. Cliquez [&hellip;]<\/p>\n","protected":false},"author":1,"featured_media":0,"parent":4011,"menu_order":0,"comment_status":"closed","ping_status":"closed","template":"elementor_header_footer","meta":{"footnotes":""},"class_list":["post-4030","page","type-page","status-publish","hentry"],"yoast_head":"<!-- This site is optimized with the Yoast SEO plugin v17.0 - https:\/\/yoast.com\/wordpress\/plugins\/seo\/ -->\n<title>S\u00c9CURIT\u00c9 DES FONDS - EZinvest<\/title>\n<meta name=\"robots\" content=\"index, follow, max-snippet:-1, max-image-preview:large, max-video-preview:-1\" \/>\n<link rel=\"canonical\" href=\"https:\/\/eu.ezinvest.com\/fr\/trading\/safety-of-funds\/\" \/>\n<meta property=\"og:locale\" content=\"fr_FR\" \/>\n<meta property=\"og:type\" content=\"article\" \/>\n<meta property=\"og:title\" content=\"S\u00c9CURIT\u00c9 DES FONDS - EZinvest\" \/>\n<meta property=\"og:description\" content=\"S\u00c9CURIT\u00c9 DES FONDS NOTRE PRIORIT\u00c9 PREMIERE Facile et s\u00e9curis\u00e9 Protection des clients D\u00e9poser des fonds sur votre compte de trading EZInvest est facile et s\u00e9curis\u00e9 en choisissant parmi nos m\u00e9thodes de d\u00e9p\u00f4t via des cartes de cr\u00e9dit telles que Visa et MasterCard (nous n\u2019acceptons pas American Express pour le moment), et par virement bancaire. Cliquez [&hellip;]\" \/>\n<meta property=\"og:url\" content=\"https:\/\/eu.ezinvest.com\/fr\/trading\/safety-of-funds\/\" \/>\n<meta property=\"og:site_name\" content=\"EZinvest\" \/>\n<meta property=\"article:modified_time\" content=\"2022-01-06T12:42:00+00:00\" \/>\n<meta property=\"og:image\" content=\"https:\/\/eu.ezinvest.com\/wp-content\/uploads\/elementor\/thumbs\/trading-safety-1-pcgu2qhck0utuvsx1r2p6xd3rwbji522p2oahht7gg.jpg\" \/>\n<meta name=\"twitter:card\" content=\"summary_large_image\" \/>\n<meta name=\"twitter:label1\" content=\"Est. reading time\" \/>\n\t<meta name=\"twitter:data1\" content=\"2 minutes\" \/>\n<script type=\"application\/ld+json\" class=\"yoast-schema-graph\">{\"@context\":\"https:\/\/schema.org\",\"@graph\":[{\"@type\":\"WebSite\",\"@id\":\"https:\/\/eu.ezinvest.com\/#website\",\"url\":\"https:\/\/eu.ezinvest.com\/\",\"name\":\"EZinvest\",\"description\":\"\",\"potentialAction\":[{\"@type\":\"SearchAction\",\"target\":{\"@type\":\"EntryPoint\",\"urlTemplate\":\"https:\/\/eu.ezinvest.com\/?s={search_term_string}\"},\"query-input\":\"required name=search_term_string\"}],\"inLanguage\":\"fr-FR\"},{\"@type\":\"ImageObject\",\"@id\":\"https:\/\/eu.ezinvest.com\/fr\/trading\/safety-of-funds\/#primaryimage\",\"inLanguage\":\"fr-FR\",\"url\":\"https:\/\/eu.ezinvest.com\/wp-content\/uploads\/elementor\/thumbs\/trading-safety-1-pcgu2qhck0utuvsx1r2p6xd3rwbji522p2oahht7gg.jpg\",\"contentUrl\":\"https:\/\/eu.ezinvest.com\/wp-content\/uploads\/elementor\/thumbs\/trading-safety-1-pcgu2qhck0utuvsx1r2p6xd3rwbji522p2oahht7gg.jpg\"},{\"@type\":\"WebPage\",\"@id\":\"https:\/\/eu.ezinvest.com\/fr\/trading\/safety-of-funds\/#webpage\",\"url\":\"https:\/\/eu.ezinvest.com\/fr\/trading\/safety-of-funds\/\",\"name\":\"S\\u00c9CURIT\\u00c9 DES FONDS - EZinvest\",\"isPartOf\":{\"@id\":\"https:\/\/eu.ezinvest.com\/#website\"},\"primaryImageOfPage\":{\"@id\":\"https:\/\/eu.ezinvest.com\/fr\/trading\/safety-of-funds\/#primaryimage\"},\"datePublished\":\"2021-09-01T08:39:25+00:00\",\"dateModified\":\"2022-01-06T12:42:00+00:00\",\"breadcrumb\":{\"@id\":\"https:\/\/eu.ezinvest.com\/fr\/trading\/safety-of-funds\/#breadcrumb\"},\"inLanguage\":\"fr-FR\",\"potentialAction\":[{\"@type\":\"ReadAction\",\"target\":[\"https:\/\/eu.ezinvest.com\/fr\/trading\/safety-of-funds\/\"]}]},{\"@type\":\"BreadcrumbList\",\"@id\":\"https:\/\/eu.ezinvest.com\/fr\/trading\/safety-of-funds\/#breadcrumb\",\"itemListElement\":[{\"@type\":\"ListItem\",\"position\":1,\"name\":\"Home\",\"item\":\"https:\/\/eu.ezinvest.com\/fr\/\"},{\"@type\":\"ListItem\",\"position\":2,\"name\":\"Trading\",\"item\":\"https:\/\/eu.ezinvest.com\/fr\/trading\/\"},{\"@type\":\"ListItem\",\"position\":3,\"name\":\"S\\u00c9CURIT\\u00c9 DES FONDS\"}]}]}<\/script>\n<!-- \/ Yoast SEO plugin. -->","yoast_head_json":{"title":"S\u00c9CURIT\u00c9 DES FONDS - EZinvest","robots":{"index":"index","follow":"follow","max-snippet":"max-snippet:-1","max-image-preview":"max-image-preview:large","max-video-preview":"max-video-preview:-1"},"canonical":"https:\/\/eu.ezinvest.com\/fr\/trading\/safety-of-funds\/","og_locale":"fr_FR","og_type":"article","og_title":"S\u00c9CURIT\u00c9 DES FONDS - EZinvest","og_description":"S\u00c9CURIT\u00c9 DES FONDS NOTRE PRIORIT\u00c9 PREMIERE Facile et s\u00e9curis\u00e9 Protection des clients D\u00e9poser des fonds sur votre compte de trading EZInvest est facile et s\u00e9curis\u00e9 en choisissant parmi nos m\u00e9thodes de d\u00e9p\u00f4t via des cartes de cr\u00e9dit telles que Visa et MasterCard (nous n\u2019acceptons pas American Express pour le moment), et par virement bancaire. Cliquez [&hellip;]","og_url":"https:\/\/eu.ezinvest.com\/fr\/trading\/safety-of-funds\/","og_site_name":"EZinvest","article_modified_time":"2022-01-06T12:42:00+00:00","og_image":[{"url":"https:\/\/eu.ezinvest.com\/wp-content\/uploads\/elementor\/thumbs\/trading-safety-1-pcgu2qhck0utuvsx1r2p6xd3rwbji522p2oahht7gg.jpg"}],"twitter_card":"summary_large_image","twitter_misc":{"Est. reading time":"2 minutes"},"schema":{"@context":"https:\/\/schema.org","@graph":[{"@type":"WebSite","@id":"https:\/\/eu.ezinvest.com\/#website","url":"https:\/\/eu.ezinvest.com\/","name":"EZinvest","description":"","potentialAction":[{"@type":"SearchAction","target":{"@type":"EntryPoint","urlTemplate":"https:\/\/eu.ezinvest.com\/?s={search_term_string}"},"query-input":"required name=search_term_string"}],"inLanguage":"fr-FR"},{"@type":"ImageObject","@id":"https:\/\/eu.ezinvest.com\/fr\/trading\/safety-of-funds\/#primaryimage","inLanguage":"fr-FR","url":"https:\/\/eu.ezinvest.com\/wp-content\/uploads\/elementor\/thumbs\/trading-safety-1-pcgu2qhck0utuvsx1r2p6xd3rwbji522p2oahht7gg.jpg","contentUrl":"https:\/\/eu.ezinvest.com\/wp-content\/uploads\/elementor\/thumbs\/trading-safety-1-pcgu2qhck0utuvsx1r2p6xd3rwbji522p2oahht7gg.jpg"},{"@type":"WebPage","@id":"https:\/\/eu.ezinvest.com\/fr\/trading\/safety-of-funds\/#webpage","url":"https:\/\/eu.ezinvest.com\/fr\/trading\/safety-of-funds\/","name":"S\u00c9CURIT\u00c9 DES FONDS - EZinvest","isPartOf":{"@id":"https:\/\/eu.ezinvest.com\/#website"},"primaryImageOfPage":{"@id":"https:\/\/eu.ezinvest.com\/fr\/trading\/safety-of-funds\/#primaryimage"},"datePublished":"2021-09-01T08:39:25+00:00","dateModified":"2022-01-06T12:42:00+00:00","breadcrumb":{"@id":"https:\/\/eu.ezinvest.com\/fr\/trading\/safety-of-funds\/#breadcrumb"},"inLanguage":"fr-FR","potentialAction":[{"@type":"ReadAction","target":["https:\/\/eu.ezinvest.com\/fr\/trading\/safety-of-funds\/"]}]},{"@type":"BreadcrumbList","@id":"https:\/\/eu.ezinvest.com\/fr\/trading\/safety-of-funds\/#breadcrumb","itemListElement":[{"@type":"ListItem","position":1,"name":"Home","item":"https:\/\/eu.ezinvest.com\/fr\/"},{"@type":"ListItem","position":2,"name":"Trading","item":"https:\/\/eu.ezinvest.com\/fr\/trading\/"},{"@type":"ListItem","position":3,"name":"S\u00c9CURIT\u00c9 DES FONDS"}]}]}},"_links":{"self":[{"href":"https:\/\/eu.ezinvest.com\/fr\/wp-json\/wp\/v2\/pages\/4030","targetHints":{"allow":["GET"]}}],"collection":[{"href":"https:\/\/eu.ezinvest.com\/fr\/wp-json\/wp\/v2\/pages"}],"about":[{"href":"https:\/\/eu.ezinvest.com\/fr\/wp-json\/wp\/v2\/types\/page"}],"author":[{"embeddable":true,"href":"https:\/\/eu.ezinvest.com\/fr\/wp-json\/wp\/v2\/users\/1"}],"replies":[{"embeddable":true,"href":"https:\/\/eu.ezinvest.com\/fr\/wp-json\/wp\/v2\/comments?post=4030"}],"version-history":[{"count":4,"href":"https:\/\/eu.ezinvest.com\/fr\/wp-json\/wp\/v2\/pages\/4030\/revisions"}],"predecessor-version":[{"id":4034,"href":"https:\/\/eu.ezinvest.com\/fr\/wp-json\/wp\/v2\/pages\/4030\/revisions\/4034"}],"up":[{"embeddable":true,"href":"https:\/\/eu.ezinvest.com\/fr\/wp-json\/wp\/v2\/pages\/4011"}],"wp:attachment":[{"href":"https:\/\/eu.ezinvest.com\/fr\/wp-json\/wp\/v2\/media?parent=4030"}],"curies":[{"name":"wp","href":"https:\/\/api.w.org\/{rel}","templated":true}]}}