{"id":5351,"date":"2021-09-01T08:39:25","date_gmt":"2021-09-01T08:39:25","guid":{"rendered":"https:\/\/eu.ezinvest.com\/trading\/safety-of-funds\/"},"modified":"2022-03-03T15:37:14","modified_gmt":"2022-03-03T15:37:14","slug":"safety-of-funds","status":"publish","type":"page","link":"https:\/\/eu.ezinvest.com\/sv\/trading\/safety-of-funds\/","title":{"rendered":"FINANSIELL S\u00c4KERHET"},"content":{"rendered":"\t\t<div data-elementor-type=\"wp-page\" data-elementor-id=\"5351\" class=\"elementor elementor-5351 elementor-690\">\n\t\t\t\t\t\t\t\t\t<section class=\"ob-is-breaking-bad elementor-section elementor-top-section elementor-element elementor-element-6a70dd22 elementor-section-content-middle elementor-section-boxed elementor-section-height-default elementor-section-height-default\" data-id=\"6a70dd22\" data-element_type=\"section\" data-settings=\"{&quot;background_background&quot;:&quot;classic&quot;,&quot;_ob_bbad_use_it&quot;:&quot;yes&quot;,&quot;_ob_bbad_sssic_use&quot;:&quot;no&quot;,&quot;_ob_glider_is_slider&quot;:&quot;no&quot;}\">\n\t\t\t\t\t\t<div class=\"elementor-container elementor-column-gap-default\">\n\t\t\t\t\t<div class=\"elementor-column elementor-col-66 elementor-top-column elementor-element elementor-element-72d478db\" data-id=\"72d478db\" data-element_type=\"column\" data-settings=\"{&quot;_ob_bbad_is_stalker&quot;:&quot;no&quot;,&quot;_ob_teleporter_use&quot;:false,&quot;_ob_column_hoveranimator&quot;:&quot;no&quot;,&quot;_ob_column_has_pseudo&quot;:&quot;no&quot;}\">\n\t\t\t<div class=\"elementor-widget-wrap elementor-element-populated\">\n\t\t\t\t\t\t\t\t<div class=\"elementor-element elementor-element-b65b0e6 ob-harakiri-inherit ob-has-background-overlay elementor-widget elementor-widget-heading\" data-id=\"b65b0e6\" data-element_type=\"widget\" data-settings=\"{&quot;_ob_use_harakiri&quot;:&quot;yes&quot;,&quot;_ob_harakiri_writing_mode&quot;:&quot;inherit&quot;,&quot;_ob_harakiri_text_clip&quot;:&quot;none&quot;,&quot;_ob_perspektive_use&quot;:&quot;no&quot;,&quot;_ob_poopart_use&quot;:&quot;yes&quot;,&quot;_ob_shadough_use&quot;:&quot;no&quot;,&quot;_ob_allow_hoveranimator&quot;:&quot;no&quot;,&quot;_ob_widget_stalker_use&quot;:&quot;no&quot;}\" data-widget_type=\"heading.default\">\n\t\t\t\t<div class=\"elementor-widget-container\">\n\t\t\t<style>\/*! elementor - v3.12.1 - 02-04-2023 *\/\n.elementor-heading-title{padding:0;margin:0;line-height:1}.elementor-widget-heading .elementor-heading-title[class*=elementor-size-]>a{color:inherit;font-size:inherit;line-height:inherit}.elementor-widget-heading .elementor-heading-title.elementor-size-small{font-size:15px}.elementor-widget-heading .elementor-heading-title.elementor-size-medium{font-size:19px}.elementor-widget-heading .elementor-heading-title.elementor-size-large{font-size:29px}.elementor-widget-heading .elementor-heading-title.elementor-size-xl{font-size:39px}.elementor-widget-heading .elementor-heading-title.elementor-size-xxl{font-size:59px}<\/style><h1 class=\"elementor-heading-title elementor-size-default\">FINANSIELL S\u00c4KERHET<\/h1>\t\t<\/div>\n\t\t\t\t<\/div>\n\t\t\t\t<div class=\"elementor-element elementor-element-2088e9e8 ob-harakiri-inherit ob-has-background-overlay elementor-widget elementor-widget-heading\" data-id=\"2088e9e8\" data-element_type=\"widget\" data-settings=\"{&quot;_ob_use_harakiri&quot;:&quot;yes&quot;,&quot;_ob_harakiri_writing_mode&quot;:&quot;inherit&quot;,&quot;_ob_harakiri_text_clip&quot;:&quot;none&quot;,&quot;_ob_perspektive_use&quot;:&quot;no&quot;,&quot;_ob_poopart_use&quot;:&quot;yes&quot;,&quot;_ob_shadough_use&quot;:&quot;no&quot;,&quot;_ob_allow_hoveranimator&quot;:&quot;no&quot;,&quot;_ob_widget_stalker_use&quot;:&quot;no&quot;}\" data-widget_type=\"heading.default\">\n\t\t\t\t<div class=\"elementor-widget-container\">\n\t\t\t<h2 class=\"elementor-heading-title elementor-size-default\">V\u00c5R FR\u00c4MSTA PRIORITET<\/h2>\t\t<\/div>\n\t\t\t\t<\/div>\n\t\t\t\t\t<\/div>\n\t\t<\/div>\n\t\t\t\t<div class=\"elementor-column elementor-col-33 elementor-top-column elementor-element elementor-element-67314b7d\" data-id=\"67314b7d\" data-element_type=\"column\" data-settings=\"{&quot;_ob_bbad_is_stalker&quot;:&quot;no&quot;,&quot;_ob_teleporter_use&quot;:false,&quot;_ob_column_hoveranimator&quot;:&quot;no&quot;,&quot;_ob_column_has_pseudo&quot;:&quot;no&quot;}\">\n\t\t\t<div class=\"elementor-widget-wrap elementor-element-populated\">\n\t\t\t\t\t\t\t\t<div class=\"elementor-element elementor-element-3ff892f9 elementor-align-center ob-has-background-overlay elementor-widget elementor-widget-breadcrumbs\" data-id=\"3ff892f9\" data-element_type=\"widget\" data-settings=\"{&quot;_ob_perspektive_use&quot;:&quot;no&quot;,&quot;_ob_poopart_use&quot;:&quot;yes&quot;,&quot;_ob_shadough_use&quot;:&quot;no&quot;,&quot;_ob_allow_hoveranimator&quot;:&quot;no&quot;,&quot;_ob_widget_stalker_use&quot;:&quot;no&quot;}\" data-widget_type=\"breadcrumbs.default\">\n\t\t\t\t<div class=\"elementor-widget-container\">\n\t\t\t<link rel=\"stylesheet\" href=\"https:\/\/eu.ezinvest.com\/wp-content\/plugins\/elementor-pro\/assets\/css\/widget-theme-elements.min.css\"><p id=\"breadcrumbs\"><span><span><a href=\"https:\/\/eu.ezinvest.com\/sv\/\">Home<\/a><\/span><\/p>\t\t<\/div>\n\t\t\t\t<\/div>\n\t\t\t\t\t<\/div>\n\t\t<\/div>\n\t\t\t\t\t\t\t<\/div>\n\t\t<\/section>\n\t\t\t\t<section class=\"ob-is-breaking-bad elementor-section elementor-top-section elementor-element elementor-element-c19e90c elementor-section-content-middle elementor-section-boxed elementor-section-height-default elementor-section-height-default\" data-id=\"c19e90c\" data-element_type=\"section\" data-settings=\"{&quot;_ob_bbad_use_it&quot;:&quot;yes&quot;,&quot;_ob_bbad_sssic_use&quot;:&quot;no&quot;,&quot;_ob_glider_is_slider&quot;:&quot;no&quot;}\">\n\t\t\t\t\t\t<div class=\"elementor-container elementor-column-gap-wider\">\n\t\t\t\t\t<div class=\"elementor-column elementor-col-50 elementor-top-column elementor-element elementor-element-c055286\" data-id=\"c055286\" data-element_type=\"column\" data-settings=\"{&quot;_ob_bbad_is_stalker&quot;:&quot;no&quot;,&quot;_ob_teleporter_use&quot;:false,&quot;_ob_column_hoveranimator&quot;:&quot;no&quot;,&quot;_ob_column_has_pseudo&quot;:&quot;no&quot;}\">\n\t\t\t<div class=\"elementor-widget-wrap elementor-element-populated\">\n\t\t\t\t\t\t\t\t<div class=\"elementor-element elementor-element-1484912 ob-harakiri-inherit ob-has-background-overlay elementor-widget elementor-widget-heading\" data-id=\"1484912\" data-element_type=\"widget\" data-settings=\"{&quot;_ob_use_harakiri&quot;:&quot;yes&quot;,&quot;_ob_harakiri_writing_mode&quot;:&quot;inherit&quot;,&quot;_ob_harakiri_text_clip&quot;:&quot;none&quot;,&quot;_ob_perspektive_use&quot;:&quot;no&quot;,&quot;_ob_poopart_use&quot;:&quot;yes&quot;,&quot;_ob_shadough_use&quot;:&quot;no&quot;,&quot;_ob_allow_hoveranimator&quot;:&quot;no&quot;,&quot;_ob_widget_stalker_use&quot;:&quot;no&quot;}\" data-widget_type=\"heading.default\">\n\t\t\t\t<div class=\"elementor-widget-container\">\n\t\t\t<h6 class=\"elementor-heading-title elementor-size-default\">Enkelt och s\u00e4kert<\/h6>\t\t<\/div>\n\t\t\t\t<\/div>\n\t\t\t\t<div class=\"elementor-element elementor-element-3193499 ob-harakiri-inherit ob-has-background-overlay elementor-widget elementor-widget-heading\" data-id=\"3193499\" data-element_type=\"widget\" data-settings=\"{&quot;_ob_use_harakiri&quot;:&quot;yes&quot;,&quot;_ob_harakiri_writing_mode&quot;:&quot;inherit&quot;,&quot;_ob_harakiri_text_clip&quot;:&quot;none&quot;,&quot;_ob_perspektive_use&quot;:&quot;no&quot;,&quot;_ob_poopart_use&quot;:&quot;yes&quot;,&quot;_ob_shadough_use&quot;:&quot;no&quot;,&quot;_ob_allow_hoveranimator&quot;:&quot;no&quot;,&quot;_ob_widget_stalker_use&quot;:&quot;no&quot;}\" data-widget_type=\"heading.default\">\n\t\t\t\t<div class=\"elementor-widget-container\">\n\t\t\t<h3 class=\"elementor-heading-title elementor-size-default\">Klientskydd<\/h3>\t\t<\/div>\n\t\t\t\t<\/div>\n\t\t\t\t<div class=\"elementor-element elementor-element-911142a ob-harakiri-inherit ob-has-background-overlay elementor-widget elementor-widget-text-editor\" data-id=\"911142a\" data-element_type=\"widget\" data-settings=\"{&quot;_ob_use_harakiri&quot;:&quot;yes&quot;,&quot;_ob_harakiri_writing_mode&quot;:&quot;inherit&quot;,&quot;_ob_postman_use&quot;:&quot;no&quot;,&quot;_ob_perspektive_use&quot;:&quot;no&quot;,&quot;_ob_poopart_use&quot;:&quot;yes&quot;,&quot;_ob_shadough_use&quot;:&quot;no&quot;,&quot;_ob_allow_hoveranimator&quot;:&quot;no&quot;,&quot;_ob_widget_stalker_use&quot;:&quot;no&quot;}\" data-widget_type=\"text-editor.default\">\n\t\t\t\t<div class=\"elementor-widget-container\">\n\t\t\t<style>\/*! elementor - v3.12.1 - 02-04-2023 *\/\n.elementor-widget-text-editor.elementor-drop-cap-view-stacked .elementor-drop-cap{background-color:#69727d;color:#fff}.elementor-widget-text-editor.elementor-drop-cap-view-framed .elementor-drop-cap{color:#69727d;border:3px solid;background-color:transparent}.elementor-widget-text-editor:not(.elementor-drop-cap-view-default) .elementor-drop-cap{margin-top:8px}.elementor-widget-text-editor:not(.elementor-drop-cap-view-default) .elementor-drop-cap-letter{width:1em;height:1em}.elementor-widget-text-editor .elementor-drop-cap{float:left;text-align:center;line-height:1;font-size:50px}.elementor-widget-text-editor .elementor-drop-cap-letter{display:inline-block}<\/style>\t\t\t\t<p>Det \u00e4r b\u00e5de enkelt och s\u00e4kert att s\u00e4tta in pengar p\u00e5 ditt EzInvest-konto med de ins\u00e4ttningsmetoder vi erbjuder. Du kan v\u00e4lja mellan att s\u00e4tta in pengar via kreditkort som Visa och MasterCard (Vi tar f\u00f6r tillf\u00e4llet inte emot American Express) eller bank\u00f6verf\u00f6ring. Klicka p\u00e5 den betalningsmetod du vill anv\u00e4nda f\u00f6r att komma ig\u00e5ng.<\/p><p>EzInvest \u00e4r handelsnamnet p\u00e5 WGM Services Lid, ett f\u00f6retag inom finansiell service under kontroll av Cyperns B\u00f6rskommission (CySEC) med licensnummer 203\/13. WGM Services Ltd huvudkontor ligger p\u00e5 11, Vizantiou, 4th Floor, Strovolos 2064, Nicosia, Cypern.<\/p><p>Skyddet f\u00f6r v\u00e5ra klienters kapital \u00e4r v\u00e5r fr\u00e4msta prioritet. EzInvest h\u00e5ller sina klienters konton skilda fr\u00e5n f\u00f6retagets egna konton och allt kapital f\u00f6rvaras hos p\u00e5litliga Europeiska banker. Vi anstr\u00e4nger oss till det yttersta f\u00f6r att s\u00e4kerst\u00e4lla att alla ins\u00e4ttningar som g\u00f6rs hos EzInvest \u00e4r s\u00e5 s\u00e4kra som m\u00f6jligt.<\/p><p>Dessutom kan vi inte anv\u00e4nda v\u00e5ra klienters pengar till annat \u00e4n det som godk\u00e4nts utan klientens godk\u00e4nnande. EzInvest f\u00f6ljder en strikt Anti-pengatv\u00e4ttsreglering.<\/p>\t\t\t\t\t\t<\/div>\n\t\t\t\t<\/div>\n\t\t\t\t\t<\/div>\n\t\t<\/div>\n\t\t\t\t<div class=\"elementor-column elementor-col-50 elementor-top-column elementor-element elementor-element-3c1b987\" data-id=\"3c1b987\" data-element_type=\"column\" data-settings=\"{&quot;_ob_bbad_is_stalker&quot;:&quot;no&quot;,&quot;_ob_teleporter_use&quot;:false,&quot;_ob_column_hoveranimator&quot;:&quot;no&quot;,&quot;_ob_column_has_pseudo&quot;:&quot;no&quot;}\">\n\t\t\t<div class=\"elementor-widget-wrap elementor-element-populated\">\n\t\t\t\t\t\t\t\t<div class=\"elementor-element elementor-element-4a6ac47 ob-has-background-overlay elementor-widget elementor-widget-image\" data-id=\"4a6ac47\" data-element_type=\"widget\" data-settings=\"{&quot;_ob_photomorph_use&quot;:&quot;no&quot;,&quot;_ob_perspektive_use&quot;:&quot;no&quot;,&quot;_ob_poopart_use&quot;:&quot;yes&quot;,&quot;_ob_shadough_use&quot;:&quot;no&quot;,&quot;_ob_allow_hoveranimator&quot;:&quot;no&quot;,&quot;_ob_widget_stalker_use&quot;:&quot;no&quot;}\" data-widget_type=\"image.default\">\n\t\t\t\t<div class=\"elementor-widget-container\">\n\t\t\t<style>\/*! elementor - v3.12.1 - 02-04-2023 *\/\n.elementor-widget-image{text-align:center}.elementor-widget-image a{display:inline-block}.elementor-widget-image a img[src$=\".svg\"]{width:48px}.elementor-widget-image img{vertical-align:middle;display:inline-block}<\/style>\t\t\t\t\t\t\t\t\t\t\t\t<img decoding=\"async\" src=\"https:\/\/eu.ezinvest.com\/wp-content\/uploads\/elementor\/thumbs\/trading-safety-1-pcgu2qhck0utuvsx1r2p6xd3rwbji522p2oahht7gg.jpg\" title=\"trading-safety-1\" alt=\"trading-safety-1\" loading=\"lazy\" \/>\t\t\t\t\t\t\t\t\t\t\t\t\t\t\t<\/div>\n\t\t\t\t<\/div>\n\t\t\t\t\t<\/div>\n\t\t<\/div>\n\t\t\t\t\t\t\t<\/div>\n\t\t<\/section>\n\t\t\t\t\t\t\t<\/div>\n\t\t","protected":false},"excerpt":{"rendered":"<p>FINANSIELL S\u00c4KERHET V\u00c5R FR\u00c4MSTA PRIORITET Enkelt och s\u00e4kert Klientskydd Det \u00e4r b\u00e5de enkelt och s\u00e4kert att s\u00e4tta in pengar p\u00e5 ditt EzInvest-konto med de ins\u00e4ttningsmetoder vi erbjuder. Du kan v\u00e4lja mellan att s\u00e4tta in pengar via kreditkort som Visa och MasterCard (Vi tar f\u00f6r tillf\u00e4llet inte emot American Express) eller bank\u00f6verf\u00f6ring. Klicka p\u00e5 den betalningsmetod [&hellip;]<\/p>\n","protected":false},"author":1,"featured_media":0,"parent":5332,"menu_order":0,"comment_status":"closed","ping_status":"closed","template":"elementor_header_footer","meta":{"footnotes":""},"class_list":["post-5351","page","type-page","status-publish","hentry"],"yoast_head":"<!-- This site is optimized with the Yoast SEO plugin v17.0 - https:\/\/yoast.com\/wordpress\/plugins\/seo\/ -->\n<title>FINANSIELL S\u00c4KERHET - EZinvest<\/title>\n<meta name=\"robots\" content=\"index, follow, max-snippet:-1, max-image-preview:large, max-video-preview:-1\" \/>\n<link rel=\"canonical\" href=\"https:\/\/eu.ezinvest.com\/sv\/trading\/safety-of-funds\/\" \/>\n<meta property=\"og:locale\" content=\"sv_SE\" \/>\n<meta property=\"og:type\" content=\"article\" \/>\n<meta property=\"og:title\" content=\"FINANSIELL S\u00c4KERHET - EZinvest\" \/>\n<meta property=\"og:description\" content=\"FINANSIELL S\u00c4KERHET V\u00c5R FR\u00c4MSTA PRIORITET Enkelt och s\u00e4kert Klientskydd Det \u00e4r b\u00e5de enkelt och s\u00e4kert att s\u00e4tta in pengar p\u00e5 ditt EzInvest-konto med de ins\u00e4ttningsmetoder vi erbjuder. Du kan v\u00e4lja mellan att s\u00e4tta in pengar via kreditkort som Visa och MasterCard (Vi tar f\u00f6r tillf\u00e4llet inte emot American Express) eller bank\u00f6verf\u00f6ring. Klicka p\u00e5 den betalningsmetod [&hellip;]\" \/>\n<meta property=\"og:url\" content=\"https:\/\/eu.ezinvest.com\/sv\/trading\/safety-of-funds\/\" \/>\n<meta property=\"og:site_name\" content=\"EZinvest\" \/>\n<meta property=\"article:modified_time\" content=\"2022-03-03T15:37:14+00:00\" \/>\n<meta property=\"og:image\" content=\"https:\/\/eu.ezinvest.com\/wp-content\/uploads\/elementor\/thumbs\/trading-safety-1-pcgu2qhck0utuvsx1r2p6xd3rwbji522p2oahht7gg.jpg\" \/>\n<meta name=\"twitter:card\" content=\"summary_large_image\" \/>\n<meta name=\"twitter:label1\" content=\"Est. reading time\" \/>\n\t<meta name=\"twitter:data1\" content=\"1 minut\" \/>\n<script type=\"application\/ld+json\" class=\"yoast-schema-graph\">{\"@context\":\"https:\/\/schema.org\",\"@graph\":[{\"@type\":\"WebSite\",\"@id\":\"https:\/\/eu.ezinvest.com\/#website\",\"url\":\"https:\/\/eu.ezinvest.com\/\",\"name\":\"EZinvest\",\"description\":\"\",\"potentialAction\":[{\"@type\":\"SearchAction\",\"target\":{\"@type\":\"EntryPoint\",\"urlTemplate\":\"https:\/\/eu.ezinvest.com\/?s={search_term_string}\"},\"query-input\":\"required name=search_term_string\"}],\"inLanguage\":\"sv-SE\"},{\"@type\":\"ImageObject\",\"@id\":\"https:\/\/eu.ezinvest.com\/sv\/trading\/safety-of-funds\/#primaryimage\",\"inLanguage\":\"sv-SE\",\"url\":\"https:\/\/eu.ezinvest.com\/wp-content\/uploads\/elementor\/thumbs\/trading-safety-1-pcgu2qhck0utuvsx1r2p6xd3rwbji522p2oahht7gg.jpg\",\"contentUrl\":\"https:\/\/eu.ezinvest.com\/wp-content\/uploads\/elementor\/thumbs\/trading-safety-1-pcgu2qhck0utuvsx1r2p6xd3rwbji522p2oahht7gg.jpg\"},{\"@type\":\"WebPage\",\"@id\":\"https:\/\/eu.ezinvest.com\/sv\/trading\/safety-of-funds\/#webpage\",\"url\":\"https:\/\/eu.ezinvest.com\/sv\/trading\/safety-of-funds\/\",\"name\":\"FINANSIELL S\\u00c4KERHET - EZinvest\",\"isPartOf\":{\"@id\":\"https:\/\/eu.ezinvest.com\/#website\"},\"primaryImageOfPage\":{\"@id\":\"https:\/\/eu.ezinvest.com\/sv\/trading\/safety-of-funds\/#primaryimage\"},\"datePublished\":\"2021-09-01T08:39:25+00:00\",\"dateModified\":\"2022-03-03T15:37:14+00:00\",\"breadcrumb\":{\"@id\":\"https:\/\/eu.ezinvest.com\/sv\/trading\/safety-of-funds\/#breadcrumb\"},\"inLanguage\":\"sv-SE\",\"potentialAction\":[{\"@type\":\"ReadAction\",\"target\":[\"https:\/\/eu.ezinvest.com\/sv\/trading\/safety-of-funds\/\"]}]},{\"@type\":\"BreadcrumbList\",\"@id\":\"https:\/\/eu.ezinvest.com\/sv\/trading\/safety-of-funds\/#breadcrumb\",\"itemListElement\":[{\"@type\":\"ListItem\",\"position\":1,\"name\":\"Home\",\"item\":\"https:\/\/eu.ezinvest.com\/sv\/\"},{\"@type\":\"ListItem\",\"position\":2,\"name\":\"Trading\",\"item\":\"https:\/\/eu.ezinvest.com\/sv\/trading\/\"},{\"@type\":\"ListItem\",\"position\":3,\"name\":\"FINANSIELL S\\u00c4KERHET\"}]}]}<\/script>\n<!-- \/ Yoast SEO plugin. -->","yoast_head_json":{"title":"FINANSIELL S\u00c4KERHET - EZinvest","robots":{"index":"index","follow":"follow","max-snippet":"max-snippet:-1","max-image-preview":"max-image-preview:large","max-video-preview":"max-video-preview:-1"},"canonical":"https:\/\/eu.ezinvest.com\/sv\/trading\/safety-of-funds\/","og_locale":"sv_SE","og_type":"article","og_title":"FINANSIELL S\u00c4KERHET - EZinvest","og_description":"FINANSIELL S\u00c4KERHET V\u00c5R FR\u00c4MSTA PRIORITET Enkelt och s\u00e4kert Klientskydd Det \u00e4r b\u00e5de enkelt och s\u00e4kert att s\u00e4tta in pengar p\u00e5 ditt EzInvest-konto med de ins\u00e4ttningsmetoder vi erbjuder. Du kan v\u00e4lja mellan att s\u00e4tta in pengar via kreditkort som Visa och MasterCard (Vi tar f\u00f6r tillf\u00e4llet inte emot American Express) eller bank\u00f6verf\u00f6ring. Klicka p\u00e5 den betalningsmetod [&hellip;]","og_url":"https:\/\/eu.ezinvest.com\/sv\/trading\/safety-of-funds\/","og_site_name":"EZinvest","article_modified_time":"2022-03-03T15:37:14+00:00","og_image":[{"url":"https:\/\/eu.ezinvest.com\/wp-content\/uploads\/elementor\/thumbs\/trading-safety-1-pcgu2qhck0utuvsx1r2p6xd3rwbji522p2oahht7gg.jpg"}],"twitter_card":"summary_large_image","twitter_misc":{"Est. reading time":"1 minut"},"schema":{"@context":"https:\/\/schema.org","@graph":[{"@type":"WebSite","@id":"https:\/\/eu.ezinvest.com\/#website","url":"https:\/\/eu.ezinvest.com\/","name":"EZinvest","description":"","potentialAction":[{"@type":"SearchAction","target":{"@type":"EntryPoint","urlTemplate":"https:\/\/eu.ezinvest.com\/?s={search_term_string}"},"query-input":"required name=search_term_string"}],"inLanguage":"sv-SE"},{"@type":"ImageObject","@id":"https:\/\/eu.ezinvest.com\/sv\/trading\/safety-of-funds\/#primaryimage","inLanguage":"sv-SE","url":"https:\/\/eu.ezinvest.com\/wp-content\/uploads\/elementor\/thumbs\/trading-safety-1-pcgu2qhck0utuvsx1r2p6xd3rwbji522p2oahht7gg.jpg","contentUrl":"https:\/\/eu.ezinvest.com\/wp-content\/uploads\/elementor\/thumbs\/trading-safety-1-pcgu2qhck0utuvsx1r2p6xd3rwbji522p2oahht7gg.jpg"},{"@type":"WebPage","@id":"https:\/\/eu.ezinvest.com\/sv\/trading\/safety-of-funds\/#webpage","url":"https:\/\/eu.ezinvest.com\/sv\/trading\/safety-of-funds\/","name":"FINANSIELL S\u00c4KERHET - EZinvest","isPartOf":{"@id":"https:\/\/eu.ezinvest.com\/#website"},"primaryImageOfPage":{"@id":"https:\/\/eu.ezinvest.com\/sv\/trading\/safety-of-funds\/#primaryimage"},"datePublished":"2021-09-01T08:39:25+00:00","dateModified":"2022-03-03T15:37:14+00:00","breadcrumb":{"@id":"https:\/\/eu.ezinvest.com\/sv\/trading\/safety-of-funds\/#breadcrumb"},"inLanguage":"sv-SE","potentialAction":[{"@type":"ReadAction","target":["https:\/\/eu.ezinvest.com\/sv\/trading\/safety-of-funds\/"]}]},{"@type":"BreadcrumbList","@id":"https:\/\/eu.ezinvest.com\/sv\/trading\/safety-of-funds\/#breadcrumb","itemListElement":[{"@type":"ListItem","position":1,"name":"Home","item":"https:\/\/eu.ezinvest.com\/sv\/"},{"@type":"ListItem","position":2,"name":"Trading","item":"https:\/\/eu.ezinvest.com\/sv\/trading\/"},{"@type":"ListItem","position":3,"name":"FINANSIELL S\u00c4KERHET"}]}]}},"_links":{"self":[{"href":"https:\/\/eu.ezinvest.com\/sv\/wp-json\/wp\/v2\/pages\/5351","targetHints":{"allow":["GET"]}}],"collection":[{"href":"https:\/\/eu.ezinvest.com\/sv\/wp-json\/wp\/v2\/pages"}],"about":[{"href":"https:\/\/eu.ezinvest.com\/sv\/wp-json\/wp\/v2\/types\/page"}],"author":[{"embeddable":true,"href":"https:\/\/eu.ezinvest.com\/sv\/wp-json\/wp\/v2\/users\/1"}],"replies":[{"embeddable":true,"href":"https:\/\/eu.ezinvest.com\/sv\/wp-json\/wp\/v2\/comments?post=5351"}],"version-history":[{"count":4,"href":"https:\/\/eu.ezinvest.com\/sv\/wp-json\/wp\/v2\/pages\/5351\/revisions"}],"predecessor-version":[{"id":5355,"href":"https:\/\/eu.ezinvest.com\/sv\/wp-json\/wp\/v2\/pages\/5351\/revisions\/5355"}],"up":[{"embeddable":true,"href":"https:\/\/eu.ezinvest.com\/sv\/wp-json\/wp\/v2\/pages\/5332"}],"wp:attachment":[{"href":"https:\/\/eu.ezinvest.com\/sv\/wp-json\/wp\/v2\/media?parent=5351"}],"curies":[{"name":"wp","href":"https:\/\/api.w.org\/{rel}","templated":true}]}}