{"id":5475,"date":"2021-09-13T09:05:57","date_gmt":"2021-09-13T09:05:57","guid":{"rendered":"https:\/\/eu.ezinvest.com\/regulation\/policies\/"},"modified":"2025-05-02T07:20:16","modified_gmt":"2025-05-02T07:20:16","slug":"policies","status":"publish","type":"page","link":"https:\/\/eu.ezinvest.com\/sv\/regulation\/policies\/","title":{"rendered":"Policyer"},"content":{"rendered":"\t\t<div data-elementor-type=\"wp-page\" data-elementor-id=\"5475\" class=\"elementor elementor-5475 elementor-936\">\n\t\t\t\t\t\t\t\t\t<section class=\"ob-is-breaking-bad elementor-section elementor-top-section elementor-element elementor-element-7506354b elementor-section-content-middle elementor-section-boxed elementor-section-height-default elementor-section-height-default\" data-id=\"7506354b\" data-element_type=\"section\" data-settings=\"{&quot;background_background&quot;:&quot;classic&quot;,&quot;_ob_bbad_use_it&quot;:&quot;yes&quot;,&quot;_ob_bbad_sssic_use&quot;:&quot;no&quot;,&quot;_ob_glider_is_slider&quot;:&quot;no&quot;}\">\n\t\t\t\t\t\t<div class=\"elementor-container elementor-column-gap-default\">\n\t\t\t\t\t<div class=\"elementor-column elementor-col-66 elementor-top-column elementor-element elementor-element-33025d8b\" data-id=\"33025d8b\" data-element_type=\"column\" data-settings=\"{&quot;_ob_bbad_is_stalker&quot;:&quot;no&quot;,&quot;_ob_teleporter_use&quot;:false,&quot;_ob_column_hoveranimator&quot;:&quot;no&quot;,&quot;_ob_column_has_pseudo&quot;:&quot;no&quot;}\">\n\t\t\t<div class=\"elementor-widget-wrap elementor-element-populated\">\n\t\t\t\t\t\t\t\t<div class=\"elementor-element elementor-element-1c6f4aac ob-harakiri-inherit ob-has-background-overlay elementor-widget elementor-widget-heading\" data-id=\"1c6f4aac\" data-element_type=\"widget\" data-settings=\"{&quot;_ob_use_harakiri&quot;:&quot;yes&quot;,&quot;_ob_harakiri_writing_mode&quot;:&quot;inherit&quot;,&quot;_ob_harakiri_text_clip&quot;:&quot;none&quot;,&quot;_ob_perspektive_use&quot;:&quot;no&quot;,&quot;_ob_poopart_use&quot;:&quot;yes&quot;,&quot;_ob_shadough_use&quot;:&quot;no&quot;,&quot;_ob_allow_hoveranimator&quot;:&quot;no&quot;,&quot;_ob_widget_stalker_use&quot;:&quot;no&quot;}\" data-widget_type=\"heading.default\">\n\t\t\t\t<div class=\"elementor-widget-container\">\n\t\t\t<style>\/*! elementor - v3.12.1 - 02-04-2023 *\/\n.elementor-heading-title{padding:0;margin:0;line-height:1}.elementor-widget-heading .elementor-heading-title[class*=elementor-size-]>a{color:inherit;font-size:inherit;line-height:inherit}.elementor-widget-heading .elementor-heading-title.elementor-size-small{font-size:15px}.elementor-widget-heading .elementor-heading-title.elementor-size-medium{font-size:19px}.elementor-widget-heading .elementor-heading-title.elementor-size-large{font-size:29px}.elementor-widget-heading .elementor-heading-title.elementor-size-xl{font-size:39px}.elementor-widget-heading .elementor-heading-title.elementor-size-xxl{font-size:59px}<\/style><h1 class=\"elementor-heading-title elementor-size-default\">REGLERING<\/h1>\t\t<\/div>\n\t\t\t\t<\/div>\n\t\t\t\t<div class=\"elementor-element elementor-element-5eaf062b ob-harakiri-inherit ob-has-background-overlay elementor-widget elementor-widget-heading\" data-id=\"5eaf062b\" data-element_type=\"widget\" data-settings=\"{&quot;_ob_use_harakiri&quot;:&quot;yes&quot;,&quot;_ob_harakiri_writing_mode&quot;:&quot;inherit&quot;,&quot;_ob_harakiri_text_clip&quot;:&quot;none&quot;,&quot;_ob_perspektive_use&quot;:&quot;no&quot;,&quot;_ob_poopart_use&quot;:&quot;yes&quot;,&quot;_ob_shadough_use&quot;:&quot;no&quot;,&quot;_ob_allow_hoveranimator&quot;:&quot;no&quot;,&quot;_ob_widget_stalker_use&quot;:&quot;no&quot;}\" data-widget_type=\"heading.default\">\n\t\t\t\t<div class=\"elementor-widget-container\">\n\t\t\t<h2 class=\"elementor-heading-title elementor-size-default\">POLICYER<\/h2>\t\t<\/div>\n\t\t\t\t<\/div>\n\t\t\t\t\t<\/div>\n\t\t<\/div>\n\t\t\t\t<div class=\"elementor-column elementor-col-33 elementor-top-column elementor-element elementor-element-6a140c94\" data-id=\"6a140c94\" data-element_type=\"column\" data-settings=\"{&quot;_ob_bbad_is_stalker&quot;:&quot;no&quot;,&quot;_ob_teleporter_use&quot;:false,&quot;_ob_column_hoveranimator&quot;:&quot;no&quot;,&quot;_ob_column_has_pseudo&quot;:&quot;no&quot;}\">\n\t\t\t<div class=\"elementor-widget-wrap elementor-element-populated\">\n\t\t\t\t\t\t\t\t<div class=\"elementor-element elementor-element-e7770e2 elementor-align-center ob-has-background-overlay elementor-widget elementor-widget-breadcrumbs\" data-id=\"e7770e2\" data-element_type=\"widget\" data-settings=\"{&quot;_ob_perspektive_use&quot;:&quot;no&quot;,&quot;_ob_poopart_use&quot;:&quot;yes&quot;,&quot;_ob_shadough_use&quot;:&quot;no&quot;,&quot;_ob_allow_hoveranimator&quot;:&quot;no&quot;,&quot;_ob_widget_stalker_use&quot;:&quot;no&quot;}\" data-widget_type=\"breadcrumbs.default\">\n\t\t\t\t<div class=\"elementor-widget-container\">\n\t\t\t<link rel=\"stylesheet\" href=\"https:\/\/eu.ezinvest.com\/wp-content\/plugins\/elementor-pro\/assets\/css\/widget-theme-elements.min.css\"><p id=\"breadcrumbs\"><span><span><a href=\"https:\/\/eu.ezinvest.com\/sv\/\">Home<\/a><\/span><\/p>\t\t<\/div>\n\t\t\t\t<\/div>\n\t\t\t\t\t<\/div>\n\t\t<\/div>\n\t\t\t\t\t\t\t<\/div>\n\t\t<\/section>\n\t\t\t\t<section class=\"ob-is-breaking-bad elementor-section elementor-top-section elementor-element elementor-element-509731f elementor-section-boxed elementor-section-height-default elementor-section-height-default\" data-id=\"509731f\" data-element_type=\"section\" data-settings=\"{&quot;_ob_bbad_use_it&quot;:&quot;yes&quot;,&quot;_ob_bbad_sssic_use&quot;:&quot;no&quot;,&quot;_ob_glider_is_slider&quot;:&quot;no&quot;}\">\n\t\t\t\t\t\t<div class=\"elementor-container elementor-column-gap-default\">\n\t\t\t\t\t<div class=\"elementor-column elementor-col-100 elementor-top-column elementor-element elementor-element-167c1fb\" data-id=\"167c1fb\" data-element_type=\"column\" data-settings=\"{&quot;_ob_bbad_is_stalker&quot;:&quot;no&quot;,&quot;_ob_teleporter_use&quot;:false,&quot;_ob_column_hoveranimator&quot;:&quot;no&quot;,&quot;_ob_column_has_pseudo&quot;:&quot;no&quot;}\">\n\t\t\t<div class=\"elementor-widget-wrap elementor-element-populated\">\n\t\t\t\t\t\t\t\t<div class=\"elementor-element elementor-element-2ac46f0 ob-harakiri-inherit ob-has-background-overlay elementor-widget elementor-widget-heading\" data-id=\"2ac46f0\" data-element_type=\"widget\" data-settings=\"{&quot;_ob_use_harakiri&quot;:&quot;yes&quot;,&quot;_ob_harakiri_writing_mode&quot;:&quot;inherit&quot;,&quot;_ob_harakiri_text_clip&quot;:&quot;none&quot;,&quot;_ob_perspektive_use&quot;:&quot;no&quot;,&quot;_ob_poopart_use&quot;:&quot;yes&quot;,&quot;_ob_shadough_use&quot;:&quot;no&quot;,&quot;_ob_allow_hoveranimator&quot;:&quot;no&quot;,&quot;_ob_widget_stalker_use&quot;:&quot;no&quot;}\" data-widget_type=\"heading.default\">\n\t\t\t\t<div class=\"elementor-widget-container\">\n\t\t\t<h3 class=\"elementor-heading-title elementor-size-default\">Policyer<\/h3>\t\t<\/div>\n\t\t\t\t<\/div>\n\t\t\t\t<div class=\"elementor-element elementor-element-2be2d24 ob-has-background-overlay elementor-widget elementor-widget-accordion\" data-id=\"2be2d24\" data-element_type=\"widget\" data-settings=\"{&quot;_ob_perspektive_use&quot;:&quot;no&quot;,&quot;_ob_poopart_use&quot;:&quot;yes&quot;,&quot;_ob_shadough_use&quot;:&quot;no&quot;,&quot;_ob_allow_hoveranimator&quot;:&quot;no&quot;,&quot;_ob_widget_stalker_use&quot;:&quot;no&quot;}\" data-widget_type=\"accordion.default\">\n\t\t\t\t<div class=\"elementor-widget-container\">\n\t\t\t<style>\/*! elementor - v3.12.1 - 02-04-2023 *\/\n.elementor-accordion{text-align:left}.elementor-accordion .elementor-accordion-item{border:1px solid #d5d8dc}.elementor-accordion .elementor-accordion-item+.elementor-accordion-item{border-top:none}.elementor-accordion .elementor-tab-title{margin:0;padding:15px 20px;font-weight:700;line-height:1;cursor:pointer;outline:none}.elementor-accordion .elementor-tab-title .elementor-accordion-icon{display:inline-block;width:1.5em}.elementor-accordion .elementor-tab-title .elementor-accordion-icon svg{width:1em;height:1em}.elementor-accordion .elementor-tab-title .elementor-accordion-icon.elementor-accordion-icon-right{float:right;text-align:right}.elementor-accordion .elementor-tab-title .elementor-accordion-icon.elementor-accordion-icon-left{float:left;text-align:left}.elementor-accordion .elementor-tab-title .elementor-accordion-icon .elementor-accordion-icon-closed{display:block}.elementor-accordion .elementor-tab-title .elementor-accordion-icon .elementor-accordion-icon-opened,.elementor-accordion .elementor-tab-title.elementor-active .elementor-accordion-icon-closed{display:none}.elementor-accordion .elementor-tab-title.elementor-active .elementor-accordion-icon-opened{display:block}.elementor-accordion .elementor-tab-content{display:none;padding:15px 20px;border-top:1px solid #d5d8dc}@media (max-width:767px){.elementor-accordion .elementor-tab-title{padding:12px 15px}.elementor-accordion .elementor-tab-title .elementor-accordion-icon{width:1.2em}.elementor-accordion .elementor-tab-content{padding:7px 15px}}.e-con-inner>.elementor-widget-accordion,.e-con>.elementor-widget-accordion{width:var(--container-widget-width);--flex-grow:var(--container-widget-flex-grow)}<\/style>\t\t<div class=\"elementor-accordion\" role=\"tablist\">\n\t\t\t\t\t\t\t<div class=\"elementor-accordion-item\">\n\t\t\t\t\t<div id=\"elementor-tab-title-4601\" class=\"elementor-tab-title\" data-tab=\"1\" role=\"tab\" aria-controls=\"elementor-tab-content-4601\" aria-expanded=\"false\">\n\t\t\t\t\t\t\t\t\t\t\t\t\t<span class=\"elementor-accordion-icon elementor-accordion-icon-left\" aria-hidden=\"true\">\n\t\t\t\t\t\t\t\t\t\t\t\t\t\t\t<span class=\"elementor-accordion-icon-closed\"><i class=\"fas fa-plus\"><\/i><\/span>\n\t\t\t\t\t\t\t\t<span class=\"elementor-accordion-icon-opened\"><i class=\"fas fa-minus\"><\/i><\/span>\n\t\t\t\t\t\t\t\t\t\t\t\t\t\t<\/span>\n\t\t\t\t\t\t\t\t\t\t\t\t<a class=\"elementor-accordion-title\" href=\"\">POLICYER OCH DOKUMENTATION<\/a>\n\t\t\t\t\t<\/div>\n\t\t\t\t\t<div id=\"elementor-tab-content-4601\" class=\"elementor-tab-content elementor-clearfix\" data-tab=\"1\" role=\"tabpanel\" aria-labelledby=\"elementor-tab-title-4601\"><p><a href=\"https:\/\/eu.ezinvest.com\/wp-content\/uploads\/2021\/10\/Terms_and_conditions.pdf\" target=\"_blank\" rel=\"noopener\">Anv\u00e4ndarvillkor &gt;<\/a><br \/><a href=\"https:\/\/eu.ezinvest.com\/wp-content\/uploads\/2021\/10\/risk_disclosure_EZInvest-1.pdf\" target=\"_blank\" rel=\"noopener\">Riskfriskrivning &gt;<\/a><br \/><a href=\"https:\/\/eu.ezinvest.com\/policies\/policies-documentation\/INVESTOR_COMPENSATION_FUND.pdf\">Investerarnas kompensationsfond &gt;<\/a><br \/><a href=\"https:\/\/eu.ezinvest.com\/wp-content\/uploads\/2022\/11\/Policy_Conflicts_of_Interest.pdf\">Policy f\u00f6r intressekonflikter &gt;<\/a><br \/><a href=\"https:\/\/eu.ezinvest.com\/wp-content\/uploads\/2022\/04\/WGM_Execution_Quality_Summary_Statement_2021.pdf\" target=\"_blank\" rel=\"noopener\">Genomf\u00f6randepolicy &gt;<\/a><br \/><a href=\"https:\/\/eu.ezinvest.com\/policies\/policies-documentation\/EZInvest_Complaint_Policy_EN.pdf\">Klagom\u00e5lshantering &gt;<\/a><br \/><a href=\"https:\/\/eu.ezinvest.com\/wp-content\/uploads\/2022\/11\/EZInvest_Leverage_Policy.pdf\">H\u00e4vst\u00e5ngs- och marginalpolicy &gt;<\/a><br \/><a href=\"https:\/\/eu.ezinvest.com\/policies\/policies-documentation\/WGM_Client_Categorisation.pdf\">Klientkategorisering &gt;<\/a><br \/><a href=\"https:\/\/eu.ezinvest.com\/wp-content\/uploads\/2025\/05\/WGM_Market_Disclosures_2024.pdf\">Pillar III 2024 &gt;<\/a><br \/><a href=\"https:\/\/eu.ezinvest.com\/wp-content\/uploads\/2021\/10\/EZ-Risks-Related-to-Trading-CFDs-in-Cryptocurrencies-v1.3.pdf\" target=\"_blank\" rel=\"noopener\">WGM:s Sammanfattningspolicy f\u00f6r utf\u00f6randekvalitet &gt;<\/a><br \/><a href=\"https:\/\/eu.ezinvest.com\/policies\/policies-documentation\/EZInvest_privacy_policy.pdf\">Integritetspolicy &gt;<\/a><br \/><a href=\"https:\/\/eu.ezinvest.com\/wp-content\/uploads\/2021\/10\/EZInvest_Corporate_Governance.pdf\" target=\"_blank\" rel=\"noopener\">WGM Bolagsstyrning &gt;<\/a><br \/><a href=\"https:\/\/eu.ezinvest.com\/wp-content\/uploads\/2021\/10\/EZInvest_cookies_policy.pdf\" target=\"_blank\" rel=\"noopener\">Cookiepolicy &gt;<\/a><br \/><a href=\"https:\/\/eu.ezinvest.com\/policies\/policies-documentation\/WGM_Refund_Cancellation_policy.pdf\">WGM \u00e5terbetalnings- och avbrottspolicy &gt;<\/a><\/p><\/div>\n\t\t\t\t<\/div>\n\t\t\t\t\t\t\t<div class=\"elementor-accordion-item\">\n\t\t\t\t\t<div id=\"elementor-tab-title-4602\" class=\"elementor-tab-title\" data-tab=\"2\" role=\"tab\" aria-controls=\"elementor-tab-content-4602\" aria-expanded=\"false\">\n\t\t\t\t\t\t\t\t\t\t\t\t\t<span class=\"elementor-accordion-icon elementor-accordion-icon-left\" aria-hidden=\"true\">\n\t\t\t\t\t\t\t\t\t\t\t\t\t\t\t<span class=\"elementor-accordion-icon-closed\"><i class=\"fas fa-plus\"><\/i><\/span>\n\t\t\t\t\t\t\t\t<span class=\"elementor-accordion-icon-opened\"><i class=\"fas fa-minus\"><\/i><\/span>\n\t\t\t\t\t\t\t\t\t\t\t\t\t\t<\/span>\n\t\t\t\t\t\t\t\t\t\t\t\t<a class=\"elementor-accordion-title\" href=\"\">PRODUKT KID<\/a>\n\t\t\t\t\t<\/div>\n\t\t\t\t\t<div id=\"elementor-tab-content-4602\" class=\"elementor-tab-content elementor-clearfix\" data-tab=\"2\" role=\"tabpanel\" aria-labelledby=\"elementor-tab-title-4602\"><p><a href=\"https:\/\/eu.ezinvest.com\/wp-content\/uploads\/2021\/10\/FOREX_KID.pdf\" target=\"_blank\" rel=\"noopener\">Forex &gt;<\/a><br \/><a href=\"https:\/\/eu.ezinvest.com\/wp-content\/uploads\/2021\/10\/INDICES_KID.pdf\" target=\"_blank\" rel=\"noopener\">Indices &gt;<\/a><br \/><a href=\"https:\/\/eu.ezinvest.com\/wp-content\/uploads\/2021\/10\/STOCKS_KID.pdf\" target=\"_blank\" rel=\"noopener\">Aktier &gt;<\/a><br \/><a href=\"https:\/\/eu.ezinvest.com\/wp-content\/uploads\/2021\/10\/CRYPTO_KID.pdf\" target=\"_blank\" rel=\"noopener\">Kryptovalutor &gt;<\/a><br \/><a href=\"https:\/\/eu.ezinvest.com\/wp-content\/uploads\/2021\/10\/COMMODITY_KID.pdf\" target=\"_blank\" rel=\"noopener\">R\u00e5varor &gt;<\/a><\/p><\/div>\n\t\t\t\t<\/div>\n\t\t\t\t\t\t\t<div class=\"elementor-accordion-item\">\n\t\t\t\t\t<div id=\"elementor-tab-title-4603\" class=\"elementor-tab-title\" data-tab=\"3\" role=\"tab\" aria-controls=\"elementor-tab-content-4603\" aria-expanded=\"false\">\n\t\t\t\t\t\t\t\t\t\t\t\t\t<span class=\"elementor-accordion-icon elementor-accordion-icon-left\" aria-hidden=\"true\">\n\t\t\t\t\t\t\t\t\t\t\t\t\t\t\t<span class=\"elementor-accordion-icon-closed\"><i class=\"fas fa-plus\"><\/i><\/span>\n\t\t\t\t\t\t\t\t<span class=\"elementor-accordion-icon-opened\"><i class=\"fas fa-minus\"><\/i><\/span>\n\t\t\t\t\t\t\t\t\t\t\t\t\t\t<\/span>\n\t\t\t\t\t\t\t\t\t\t\t\t<a class=\"elementor-accordion-title\" href=\"\">RTS 27 FORMUL\u00c4R<\/a>\n\t\t\t\t\t<\/div>\n\t\t\t\t\t<div id=\"elementor-tab-content-4603\" class=\"elementor-tab-content elementor-clearfix\" data-tab=\"3\" role=\"tabpanel\" aria-labelledby=\"elementor-tab-title-4603\"><p><a href=\"https:\/\/eu.ezinvest.com\/policies\/rts-27-forms\/WGM_RTS27.xlsx\">RTS 27 Formul\u00e4r- Q3 2018 &gt;<\/a><\/p><p><a href=\"https:\/\/eu.ezinvest.com\/policies\/rts-27-forms\/RTS27_Q4_2018.xlsx\">RTS 27 Formul\u00e4r- Q4 2018 &gt;<\/a><\/p><p><a href=\"https:\/\/eu.ezinvest.com\/policies\/rts-27-forms\/RTS27_Q1_2019.xlsx\">RTS 27 Formul\u00e4r- Q1 2019 &gt;<\/a><\/p><p><a href=\"https:\/\/eu.ezinvest.com\/policies\/rts-27-forms\/RTS27_Q2_2019.xlsx\">RTS 27 Formul\u00e4r- Q2 2019 &gt;<\/a><\/p><p><a href=\"https:\/\/eu.ezinvest.com\/policies\/rts-27-forms\/RTS27_Q3_2019.xlsx\">RTS 27 Formul\u00e4r- Q3 2019 &gt;<\/a><\/p><p><a href=\"https:\/\/eu.ezinvest.com\/policies\/rts-27-forms\/RTS_Q4_2019.xlsx\">RTS 27 Formul\u00e4r- Q4 2019 &gt;<\/a><\/p><p><a href=\"https:\/\/eu.ezinvest.com\/policies\/rts-27-forms\/RTS-Q1-2020.xlsx\">RTS 27 Formul\u00e4r- Q1 2020 &gt;<\/a><\/p><p><a href=\"https:\/\/eu.ezinvest.com\/policies\/rts-27-forms\/RTS-Q2-2020.xlsx\">RTS 27 Formul\u00e4r- Q2 2020 &gt;<\/a><\/p><p><a href=\"https:\/\/eu.ezinvest.com\/policies\/rts-27-forms\/RTS_2020_Q3.xlsx\">RTS 27 Formul\u00e4r- Q3 2020 &gt;<\/a><\/p><p><a href=\"https:\/\/eu.ezinvest.com\/policies\/rts-27-forms\/RTS_2020_Q4.xlsx\">RTS 27 Formul\u00e4r- Q4 2020 &gt;<\/a><\/p><p><a href=\"https:\/\/eu.ezinvest.com\/wp-content\/uploads\/2021\/10\/RTS-27_Q1_2021.xlsx\">RTS 27 Formul\u00e4r- Q1 2021 &gt;<\/a><\/p><p><a href=\"https:\/\/eu.ezinvest.com\/wp-content\/uploads\/2021\/10\/RTS_27_Q2_2021.xlsx\">RTS 27 Formul\u00e4r- Q2 2021 &gt;<\/a><\/p><p><a href=\"https:\/\/eu.ezinvest.com\/wp-content\/uploads\/2021\/10\/RTS-27_Q3_2021.xlsx\">RTS 27 Formul\u00e4r- Q3 2021 &gt;<\/a><\/p><p><a href=\"https:\/\/eu.ezinvest.com\/wp-content\/uploads\/2022\/01\/RTS-27-Q4-2021.xlsx\">RTS 27 Formul\u00e4r- Q4 2021 &gt;<\/a><\/p><p><a href=\"https:\/\/eu.ezinvest.com\/wp-content\/uploads\/2022\/10\/RTS-27-Q1-2022.xlsx\">RTS 27 Formul\u00e4r- Q1 2022 &gt;<\/a><\/p><p><a href=\"https:\/\/eu.ezinvest.com\/wp-content\/uploads\/2022\/10\/RTS-27-Q2-2022.xlsx\">RTS 27 Formul\u00e4r- Q2 2022 &gt;<\/a><\/p><p><a href=\"https:\/\/eu.ezinvest.com\/wp-content\/uploads\/2022\/10\/RTS-27-Q3-2022.xlsx\">RTS 27 Formul\u00e4r- Q3 2022 &gt;<\/a><\/p><\/div>\n\t\t\t\t<\/div>\n\t\t\t\t\t\t\t\t<\/div>\n\t\t\t\t<\/div>\n\t\t\t\t<\/div>\n\t\t\t\t\t<\/div>\n\t\t<\/div>\n\t\t\t\t\t\t\t<\/div>\n\t\t<\/section>\n\t\t\t\t\t\t\t<\/div>\n\t\t","protected":false},"excerpt":{"rendered":"<p>REGLERING POLICYER Policyer POLICYER OCH DOKUMENTATION Anv\u00e4ndarvillkor &gt;Riskfriskrivning &gt;Investerarnas kompensationsfond &gt;Policy f\u00f6r intressekonflikter &gt;Genomf\u00f6randepolicy &gt;Klagom\u00e5lshantering &gt;H\u00e4vst\u00e5ngs- och marginalpolicy &gt;Klientkategorisering &gt;Pillar III 2024 &gt;WGM:s Sammanfattningspolicy f\u00f6r utf\u00f6randekvalitet &gt;Integritetspolicy &gt;WGM Bolagsstyrning &gt;Cookiepolicy &gt;WGM \u00e5terbetalnings- och avbrottspolicy &gt; PRODUKT KID Forex &gt;Indices &gt;Aktier &gt;Kryptovalutor &gt;R\u00e5varor &gt; RTS 27 FORMUL\u00c4R RTS 27 Formul\u00e4r- Q3 2018 &gt; RTS 27 Formul\u00e4r- [&hellip;]<\/p>\n","protected":false},"author":1,"featured_media":0,"parent":5470,"menu_order":0,"comment_status":"closed","ping_status":"closed","template":"elementor_header_footer","meta":{"footnotes":""},"class_list":["post-5475","page","type-page","status-publish","hentry"],"yoast_head":"<!-- This site is optimized with the Yoast SEO plugin v17.0 - https:\/\/yoast.com\/wordpress\/plugins\/seo\/ -->\n<title>Policyer - EZinvest<\/title>\n<meta name=\"robots\" content=\"index, follow, max-snippet:-1, max-image-preview:large, max-video-preview:-1\" \/>\n<link rel=\"canonical\" href=\"https:\/\/eu.ezinvest.com\/sv\/regulation\/policies\/\" \/>\n<meta property=\"og:locale\" content=\"sv_SE\" \/>\n<meta property=\"og:type\" content=\"article\" \/>\n<meta property=\"og:title\" content=\"Policyer - EZinvest\" \/>\n<meta property=\"og:description\" content=\"REGLERING POLICYER Policyer POLICYER OCH DOKUMENTATION Anv\u00e4ndarvillkor &gt;Riskfriskrivning &gt;Investerarnas kompensationsfond &gt;Policy f\u00f6r intressekonflikter &gt;Genomf\u00f6randepolicy &gt;Klagom\u00e5lshantering &gt;H\u00e4vst\u00e5ngs- och marginalpolicy &gt;Klientkategorisering &gt;Pillar III 2024 &gt;WGM:s Sammanfattningspolicy f\u00f6r utf\u00f6randekvalitet &gt;Integritetspolicy &gt;WGM Bolagsstyrning &gt;Cookiepolicy &gt;WGM \u00e5terbetalnings- och avbrottspolicy &gt; PRODUKT KID Forex &gt;Indices &gt;Aktier &gt;Kryptovalutor &gt;R\u00e5varor &gt; RTS 27 FORMUL\u00c4R RTS 27 Formul\u00e4r- Q3 2018 &gt; RTS 27 Formul\u00e4r- [&hellip;]\" \/>\n<meta property=\"og:url\" content=\"https:\/\/eu.ezinvest.com\/sv\/regulation\/policies\/\" \/>\n<meta property=\"og:site_name\" content=\"EZinvest\" \/>\n<meta property=\"article:modified_time\" content=\"2025-05-02T07:20:16+00:00\" \/>\n<meta name=\"twitter:card\" content=\"summary_large_image\" \/>\n<meta name=\"twitter:label1\" content=\"Est. reading time\" \/>\n\t<meta name=\"twitter:data1\" content=\"1 minut\" \/>\n<script type=\"application\/ld+json\" class=\"yoast-schema-graph\">{\"@context\":\"https:\/\/schema.org\",\"@graph\":[{\"@type\":\"WebSite\",\"@id\":\"https:\/\/eu.ezinvest.com\/#website\",\"url\":\"https:\/\/eu.ezinvest.com\/\",\"name\":\"EZinvest\",\"description\":\"\",\"potentialAction\":[{\"@type\":\"SearchAction\",\"target\":{\"@type\":\"EntryPoint\",\"urlTemplate\":\"https:\/\/eu.ezinvest.com\/?s={search_term_string}\"},\"query-input\":\"required name=search_term_string\"}],\"inLanguage\":\"sv-SE\"},{\"@type\":\"WebPage\",\"@id\":\"https:\/\/eu.ezinvest.com\/sv\/regulation\/policies\/#webpage\",\"url\":\"https:\/\/eu.ezinvest.com\/sv\/regulation\/policies\/\",\"name\":\"Policyer - EZinvest\",\"isPartOf\":{\"@id\":\"https:\/\/eu.ezinvest.com\/#website\"},\"datePublished\":\"2021-09-13T09:05:57+00:00\",\"dateModified\":\"2025-05-02T07:20:16+00:00\",\"breadcrumb\":{\"@id\":\"https:\/\/eu.ezinvest.com\/sv\/regulation\/policies\/#breadcrumb\"},\"inLanguage\":\"sv-SE\",\"potentialAction\":[{\"@type\":\"ReadAction\",\"target\":[\"https:\/\/eu.ezinvest.com\/sv\/regulation\/policies\/\"]}]},{\"@type\":\"BreadcrumbList\",\"@id\":\"https:\/\/eu.ezinvest.com\/sv\/regulation\/policies\/#breadcrumb\",\"itemListElement\":[{\"@type\":\"ListItem\",\"position\":1,\"name\":\"Home\",\"item\":\"https:\/\/eu.ezinvest.com\/sv\/\"},{\"@type\":\"ListItem\",\"position\":2,\"name\":\"REGLERING\",\"item\":\"https:\/\/eu.ezinvest.com\/sv\/regulation\/\"},{\"@type\":\"ListItem\",\"position\":3,\"name\":\"Policyer\"}]}]}<\/script>\n<!-- \/ Yoast SEO plugin. -->","yoast_head_json":{"title":"Policyer - EZinvest","robots":{"index":"index","follow":"follow","max-snippet":"max-snippet:-1","max-image-preview":"max-image-preview:large","max-video-preview":"max-video-preview:-1"},"canonical":"https:\/\/eu.ezinvest.com\/sv\/regulation\/policies\/","og_locale":"sv_SE","og_type":"article","og_title":"Policyer - EZinvest","og_description":"REGLERING POLICYER Policyer POLICYER OCH DOKUMENTATION Anv\u00e4ndarvillkor &gt;Riskfriskrivning &gt;Investerarnas kompensationsfond &gt;Policy f\u00f6r intressekonflikter &gt;Genomf\u00f6randepolicy &gt;Klagom\u00e5lshantering &gt;H\u00e4vst\u00e5ngs- och marginalpolicy &gt;Klientkategorisering &gt;Pillar III 2024 &gt;WGM:s Sammanfattningspolicy f\u00f6r utf\u00f6randekvalitet &gt;Integritetspolicy &gt;WGM Bolagsstyrning &gt;Cookiepolicy &gt;WGM \u00e5terbetalnings- och avbrottspolicy &gt; PRODUKT KID Forex &gt;Indices &gt;Aktier &gt;Kryptovalutor &gt;R\u00e5varor &gt; RTS 27 FORMUL\u00c4R RTS 27 Formul\u00e4r- Q3 2018 &gt; RTS 27 Formul\u00e4r- [&hellip;]","og_url":"https:\/\/eu.ezinvest.com\/sv\/regulation\/policies\/","og_site_name":"EZinvest","article_modified_time":"2025-05-02T07:20:16+00:00","twitter_card":"summary_large_image","twitter_misc":{"Est. reading time":"1 minut"},"schema":{"@context":"https:\/\/schema.org","@graph":[{"@type":"WebSite","@id":"https:\/\/eu.ezinvest.com\/#website","url":"https:\/\/eu.ezinvest.com\/","name":"EZinvest","description":"","potentialAction":[{"@type":"SearchAction","target":{"@type":"EntryPoint","urlTemplate":"https:\/\/eu.ezinvest.com\/?s={search_term_string}"},"query-input":"required name=search_term_string"}],"inLanguage":"sv-SE"},{"@type":"WebPage","@id":"https:\/\/eu.ezinvest.com\/sv\/regulation\/policies\/#webpage","url":"https:\/\/eu.ezinvest.com\/sv\/regulation\/policies\/","name":"Policyer - EZinvest","isPartOf":{"@id":"https:\/\/eu.ezinvest.com\/#website"},"datePublished":"2021-09-13T09:05:57+00:00","dateModified":"2025-05-02T07:20:16+00:00","breadcrumb":{"@id":"https:\/\/eu.ezinvest.com\/sv\/regulation\/policies\/#breadcrumb"},"inLanguage":"sv-SE","potentialAction":[{"@type":"ReadAction","target":["https:\/\/eu.ezinvest.com\/sv\/regulation\/policies\/"]}]},{"@type":"BreadcrumbList","@id":"https:\/\/eu.ezinvest.com\/sv\/regulation\/policies\/#breadcrumb","itemListElement":[{"@type":"ListItem","position":1,"name":"Home","item":"https:\/\/eu.ezinvest.com\/sv\/"},{"@type":"ListItem","position":2,"name":"REGLERING","item":"https:\/\/eu.ezinvest.com\/sv\/regulation\/"},{"@type":"ListItem","position":3,"name":"Policyer"}]}]}},"_links":{"self":[{"href":"https:\/\/eu.ezinvest.com\/sv\/wp-json\/wp\/v2\/pages\/5475","targetHints":{"allow":["GET"]}}],"collection":[{"href":"https:\/\/eu.ezinvest.com\/sv\/wp-json\/wp\/v2\/pages"}],"about":[{"href":"https:\/\/eu.ezinvest.com\/sv\/wp-json\/wp\/v2\/types\/page"}],"author":[{"embeddable":true,"href":"https:\/\/eu.ezinvest.com\/sv\/wp-json\/wp\/v2\/users\/1"}],"replies":[{"embeddable":true,"href":"https:\/\/eu.ezinvest.com\/sv\/wp-json\/wp\/v2\/comments?post=5475"}],"version-history":[{"count":37,"href":"https:\/\/eu.ezinvest.com\/sv\/wp-json\/wp\/v2\/pages\/5475\/revisions"}],"predecessor-version":[{"id":12062,"href":"https:\/\/eu.ezinvest.com\/sv\/wp-json\/wp\/v2\/pages\/5475\/revisions\/12062"}],"up":[{"embeddable":true,"href":"https:\/\/eu.ezinvest.com\/sv\/wp-json\/wp\/v2\/pages\/5470"}],"wp:attachment":[{"href":"https:\/\/eu.ezinvest.com\/sv\/wp-json\/wp\/v2\/media?parent=5475"}],"curies":[{"name":"wp","href":"https:\/\/api.w.org\/{rel}","templated":true}]}}